{"id":1861,"date":"2024-05-06T11:35:22","date_gmt":"2024-05-06T09:35:22","guid":{"rendered":"https:\/\/www.balcaengroup.be\/particulier\/over-ons\/"},"modified":"2024-05-28T11:24:22","modified_gmt":"2024-05-28T09:24:22","slug":"a-propos-de-nous","status":"publish","type":"page","link":"https:\/\/www.balcaengroup.be\/fr\/particulier\/a-propos-de-nous\/","title":{"rendered":"\u00c0 propos de nous"},"content":{"rendered":"\t\t<div data-elementor-type=\"wp-page\" data-elementor-id=\"1861\" class=\"elementor elementor-1861 elementor-285\" data-elementor-post-type=\"page\">\n\t\t\t\t<div class=\"elementor-element elementor-element-17e0d66 e-flex e-con-boxed e-con e-parent\" data-id=\"17e0d66\" data-element_type=\"container\">\n\t\t\t\t\t<div class=\"e-con-inner\">\n\t\t\t\t<div class=\"elementor-element elementor-element-76d2e7f elementor-widget elementor-widget-image\" data-id=\"76d2e7f\" data-element_type=\"widget\" data-aos=\"fade-left\" data-widget_type=\"image.default\">\n\t\t\t\t<div class=\"elementor-widget-container\">\n\t\t\t\t\t\t\t\t\t\t\t\t\t\t\t<img fetchpriority=\"high\" decoding=\"async\" width=\"342\" height=\"190\" src=\"https:\/\/www.balcaengroup.be\/wp-content\/uploads\/2024\/05\/tiangle-particulier-03.svg\" class=\"attachment-full size-full wp-image-1732\" alt=\"\" \/>\t\t\t\t\t\t\t\t\t\t\t\t\t\t\t<\/div>\n\t\t\t\t<\/div>\n\t\t\t\t\t<\/div>\n\t\t\t\t<\/div>\n\t\t<div class=\"elementor-element elementor-element-8b9aecd e-con-full e-flex e-con e-parent\" data-id=\"8b9aecd\" data-element_type=\"container\">\n\t\t<div class=\"elementor-element elementor-element-77c27d8 e-con-full e-flex e-con e-child\" data-id=\"77c27d8\" data-element_type=\"container\" data-aos=\"fade-right\">\n\t\t\t\t<div class=\"elementor-element elementor-element-42c7837 elementor-widget elementor-widget-heading\" data-id=\"42c7837\" data-element_type=\"widget\" data-widget_type=\"heading.default\">\n\t\t\t\t<div class=\"elementor-widget-container\">\n\t\t\t\t\t<h1 class=\"elementor-heading-title elementor-size-default\">\u00c0 propos de Balcaen Group <\/h1>\t\t\t\t<\/div>\n\t\t\t\t<\/div>\n\t\t\t\t<div class=\"elementor-element elementor-element-5c6d2ed elementor-widget elementor-widget-text-editor\" data-id=\"5c6d2ed\" data-element_type=\"widget\" data-widget_type=\"text-editor.default\">\n\t\t\t\t<div class=\"elementor-widget-container\">\n\t\t\t\t\t\t\t\t\t<p>Balcaen Group a \u00e9t\u00e9 fond\u00e9 en 1991 par Eddy Balcaen et son \u00e9pouse, Gwen Wyckmans. Depuis plus de 30 ans, nous avons de l&rsquo;exp\u00e9rience dans le placement de cl\u00f4tures et de portails. Notre vaste gamme de mat\u00e9riaux de cl\u00f4ture, de portails r\u00e9sidentiels et industriels en diff\u00e9rents mat\u00e9riaux (bois, ferronnerie, composite), et disposant de connaissances accumul\u00e9es en mati\u00e8re de contr\u00f4le d&rsquo;acc\u00e8s, fait de Balcaen Group un sp\u00e9cialiste dans son domaine.<\/p><p>En janvier 2024, Maarten Moyson a succ\u00e9d\u00e9 \u00e0 Eddy Balcaen et Gwen Wyckmans \u00e0 la t\u00eate de l&rsquo;entreprise. En plus du placement et de l&rsquo;automatisation de portails et de cl\u00f4tures sur votre propri\u00e9t\u00e9, vous pouvez \u00e9galement faire appel \u00e0 nous pour l&rsquo;installation d&rsquo;abris de jardin, de terrasses, de carports, de jeux d&rsquo;ext\u00e9rieur, etc. Bref, tout pour faire de votre maison, de votre jardin et de votre all\u00e9e un environnement s\u00fbr.<\/p>\t\t\t\t\t\t\t\t<\/div>\n\t\t\t\t<\/div>\n\t\t<div class=\"elementor-element elementor-element-67631af e-con-full e-flex e-con e-child\" data-id=\"67631af\" data-element_type=\"container\">\n\t\t\t\t<div class=\"elementor-element elementor-element-b83e9a6 elementor-widget elementor-widget-button\" data-id=\"b83e9a6\" data-element_type=\"widget\" data-widget_type=\"button.default\">\n\t\t\t\t<div class=\"elementor-widget-container\">\n\t\t\t\t\t\t\t\t\t<div class=\"elementor-button-wrapper\">\n\t\t\t\t\t<a class=\"elementor-button elementor-button-link elementor-size-sm\" href=\"https:\/\/www.balcaengroup.be\/fr\/particulier\/clotures\/\">\n\t\t\t\t\t\t<span class=\"elementor-button-content-wrapper\">\n\t\t\t\t\t\t\t\t\t<span class=\"elementor-button-text\">Cl\u00f4tures<\/span>\n\t\t\t\t\t<\/span>\n\t\t\t\t\t<\/a>\n\t\t\t\t<\/div>\n\t\t\t\t\t\t\t\t<\/div>\n\t\t\t\t<\/div>\n\t\t\t\t<div class=\"elementor-element elementor-element-8b6980e elementor-widget elementor-widget-button\" data-id=\"8b6980e\" data-element_type=\"widget\" data-widget_type=\"button.default\">\n\t\t\t\t<div class=\"elementor-widget-container\">\n\t\t\t\t\t\t\t\t\t<div class=\"elementor-button-wrapper\">\n\t\t\t\t\t<a class=\"elementor-button elementor-button-link elementor-size-sm\" href=\"https:\/\/www.balcaengroup.be\/fr\/particulier\/portails\/\">\n\t\t\t\t\t\t<span class=\"elementor-button-content-wrapper\">\n\t\t\t\t\t\t\t\t\t<span class=\"elementor-button-text\">Portails<\/span>\n\t\t\t\t\t<\/span>\n\t\t\t\t\t<\/a>\n\t\t\t\t<\/div>\n\t\t\t\t\t\t\t\t<\/div>\n\t\t\t\t<\/div>\n\t\t\t\t<div class=\"elementor-element elementor-element-75fcc5c elementor-widget elementor-widget-button\" data-id=\"75fcc5c\" data-element_type=\"widget\" data-widget_type=\"button.default\">\n\t\t\t\t<div class=\"elementor-widget-container\">\n\t\t\t\t\t\t\t\t\t<div class=\"elementor-button-wrapper\">\n\t\t\t\t\t<a class=\"elementor-button elementor-button-link elementor-size-sm\" href=\"https:\/\/www.balcaengroup.be\/fr\/particulier\/amenagement-de-jardin\/\">\n\t\t\t\t\t\t<span class=\"elementor-button-content-wrapper\">\n\t\t\t\t\t\t\t\t\t<span class=\"elementor-button-text\">Am\u00e9nagement de jardin<\/span>\n\t\t\t\t\t<\/span>\n\t\t\t\t\t<\/a>\n\t\t\t\t<\/div>\n\t\t\t\t\t\t\t\t<\/div>\n\t\t\t\t<\/div>\n\t\t\t\t<\/div>\n\t\t\t\t<\/div>\n\t\t<div class=\"elementor-element elementor-element-95ebad8 e-con-full e-flex e-con e-child\" data-id=\"95ebad8\" data-element_type=\"container\" data-aos=\"fade-left\">\n\t\t\t\t<div class=\"elementor-element elementor-element-5c5446e img-skew-right elementor-widget elementor-widget-image\" data-id=\"5c5446e\" data-element_type=\"widget\" data-widget_type=\"image.default\">\n\t\t\t\t<div class=\"elementor-widget-container\">\n\t\t\t\t\t\t\t\t\t\t\t\t\t\t\t<img decoding=\"async\" width=\"1853\" height=\"1853\" src=\"https:\/\/www.balcaengroup.be\/wp-content\/uploads\/2024\/05\/nophoto.jpg\" class=\"attachment-full size-full wp-image-1765\" alt=\"\" srcset=\"https:\/\/www.balcaengroup.be\/wp-content\/uploads\/2024\/05\/nophoto.jpg 1853w, https:\/\/www.balcaengroup.be\/wp-content\/uploads\/2024\/05\/nophoto-300x300.jpg 300w, https:\/\/www.balcaengroup.be\/wp-content\/uploads\/2024\/05\/nophoto-1024x1024.jpg 1024w, https:\/\/www.balcaengroup.be\/wp-content\/uploads\/2024\/05\/nophoto-150x150.jpg 150w, https:\/\/www.balcaengroup.be\/wp-content\/uploads\/2024\/05\/nophoto-768x768.jpg 768w, https:\/\/www.balcaengroup.be\/wp-content\/uploads\/2024\/05\/nophoto-1536x1536.jpg 1536w\" sizes=\"(max-width: 1853px) 100vw, 1853px\" \/>\t\t\t\t\t\t\t\t\t\t\t\t\t\t\t<\/div>\n\t\t\t\t<\/div>\n\t\t\t\t<\/div>\n\t\t\t\t<\/div>\n\t\t<div class=\"elementor-element elementor-element-0feaaec e-con-full e-flex e-con e-parent\" data-id=\"0feaaec\" data-element_type=\"container\">\n\t\t<div class=\"elementor-element elementor-element-b0f695e e-con-full e-flex e-con e-child\" data-id=\"b0f695e\" data-element_type=\"container\" data-aos=\"fade-right\">\n\t\t\t\t<div class=\"elementor-element elementor-element-0cde7e5 img-skew-left elementor-widget elementor-widget-image\" data-id=\"0cde7e5\" data-element_type=\"widget\" data-widget_type=\"image.default\">\n\t\t\t\t<div class=\"elementor-widget-container\">\n\t\t\t\t\t\t\t\t\t\t\t\t\t\t\t<img decoding=\"async\" width=\"1853\" height=\"1853\" src=\"https:\/\/www.balcaengroup.be\/wp-content\/uploads\/2024\/05\/nophoto.jpg\" class=\"attachment-full size-full wp-image-1765\" alt=\"\" srcset=\"https:\/\/www.balcaengroup.be\/wp-content\/uploads\/2024\/05\/nophoto.jpg 1853w, https:\/\/www.balcaengroup.be\/wp-content\/uploads\/2024\/05\/nophoto-300x300.jpg 300w, https:\/\/www.balcaengroup.be\/wp-content\/uploads\/2024\/05\/nophoto-1024x1024.jpg 1024w, https:\/\/www.balcaengroup.be\/wp-content\/uploads\/2024\/05\/nophoto-150x150.jpg 150w, https:\/\/www.balcaengroup.be\/wp-content\/uploads\/2024\/05\/nophoto-768x768.jpg 768w, https:\/\/www.balcaengroup.be\/wp-content\/uploads\/2024\/05\/nophoto-1536x1536.jpg 1536w\" sizes=\"(max-width: 1853px) 100vw, 1853px\" \/>\t\t\t\t\t\t\t\t\t\t\t\t\t\t\t<\/div>\n\t\t\t\t<\/div>\n\t\t\t\t<\/div>\n\t\t<div class=\"elementor-element elementor-element-dd15ccc e-con-full e-flex e-con e-child\" data-id=\"dd15ccc\" data-element_type=\"container\" data-aos=\"fade-left\">\n\t\t\t\t<div class=\"elementor-element elementor-element-aa1868f elementor-widget elementor-widget-heading\" data-id=\"aa1868f\" data-element_type=\"widget\" data-widget_type=\"heading.default\">\n\t\t\t\t<div class=\"elementor-widget-container\">\n\t\t\t\t\t<h2 class=\"elementor-heading-title elementor-size-default\">Une question ? Un rendez-vous ?<\/h2>\t\t\t\t<\/div>\n\t\t\t\t<\/div>\n\t\t\t\t<div class=\"elementor-element elementor-element-d7d0eb4 elementor-widget__width-initial elementor-widget elementor-widget-text-editor\" data-id=\"d7d0eb4\" data-element_type=\"widget\" data-widget_type=\"text-editor.default\">\n\t\t\t\t<div class=\"elementor-widget-container\">\n\t\t\t\t\t\t\t\t\t<p>Vous souhaitez un entretien informel ou vous avez une question ? Ou pr\u00e9f\u00e9rez-vous des conseils d\u00e9taill\u00e9s ? Contactez-nous afin que nous vous aidions \u00e0 cl\u00f4turer le dossier.<\/p>\t\t\t\t\t\t\t\t<\/div>\n\t\t\t\t<\/div>\n\t\t<div class=\"elementor-element elementor-element-f43b2f1 e-con-full e-flex e-con e-child\" data-id=\"f43b2f1\" data-element_type=\"container\">\n\t\t\t\t<div class=\"elementor-element elementor-element-07ec813 elementor-align-right elementor-widget elementor-widget-button\" data-id=\"07ec813\" data-element_type=\"widget\" data-widget_type=\"button.default\">\n\t\t\t\t<div class=\"elementor-widget-container\">\n\t\t\t\t\t\t\t\t\t<div class=\"elementor-button-wrapper\">\n\t\t\t\t\t<a class=\"elementor-button elementor-button-link elementor-size-sm\" href=\"https:\/\/www.balcaengroup.be\/fr\/particulier\/contact\/\">\n\t\t\t\t\t\t<span class=\"elementor-button-content-wrapper\">\n\t\t\t\t\t\t\t\t\t<span class=\"elementor-button-text\">Contactez-nous<\/span>\n\t\t\t\t\t<\/span>\n\t\t\t\t\t<\/a>\n\t\t\t\t<\/div>\n\t\t\t\t\t\t\t\t<\/div>\n\t\t\t\t<\/div>\n\t\t\t\t<\/div>\n\t\t\t\t<\/div>\n\t\t\t\t<\/div>\n\t\t<div class=\"elementor-element elementor-element-a764717 e-flex e-con-boxed e-con e-parent\" data-id=\"a764717\" data-element_type=\"container\">\n\t\t\t\t\t<div class=\"e-con-inner\">\n\t\t\t\t\t<\/div>\n\t\t\t\t<\/div>\n\t\t\t\t<\/div>\n\t\t","protected":false},"excerpt":{"rendered":"<p>\u00c0 propos de Balcaen Group Balcaen Group a \u00e9t\u00e9 fond\u00e9 en 1991 par Eddy Balcaen et son \u00e9pouse, Gwen Wyckmans. Depuis plus de 30 ans, nous avons de l&rsquo;exp\u00e9rience dans le placement de cl\u00f4tures et de portails. Notre vaste gamme de mat\u00e9riaux de cl\u00f4ture, de portails r\u00e9sidentiels et industriels en diff\u00e9rents mat\u00e9riaux (bois, ferronnerie, composite), [&hellip;]<\/p>\n","protected":false},"author":1,"featured_media":0,"parent":1839,"menu_order":3,"comment_status":"closed","ping_status":"closed","template":"","meta":{"_acf_changed":false,"footnotes":""},"class_list":["post-1861","page","type-page","status-publish","hentry"],"acf":[],"_links":{"self":[{"href":"https:\/\/www.balcaengroup.be\/fr\/wp-json\/wp\/v2\/pages\/1861","targetHints":{"allow":["GET"]}}],"collection":[{"href":"https:\/\/www.balcaengroup.be\/fr\/wp-json\/wp\/v2\/pages"}],"about":[{"href":"https:\/\/www.balcaengroup.be\/fr\/wp-json\/wp\/v2\/types\/page"}],"author":[{"embeddable":true,"href":"https:\/\/www.balcaengroup.be\/fr\/wp-json\/wp\/v2\/users\/1"}],"replies":[{"embeddable":true,"href":"https:\/\/www.balcaengroup.be\/fr\/wp-json\/wp\/v2\/comments?post=1861"}],"version-history":[{"count":5,"href":"https:\/\/www.balcaengroup.be\/fr\/wp-json\/wp\/v2\/pages\/1861\/revisions"}],"predecessor-version":[{"id":2041,"href":"https:\/\/www.balcaengroup.be\/fr\/wp-json\/wp\/v2\/pages\/1861\/revisions\/2041"}],"up":[{"embeddable":true,"href":"https:\/\/www.balcaengroup.be\/fr\/wp-json\/wp\/v2\/pages\/1839"}],"wp:attachment":[{"href":"https:\/\/www.balcaengroup.be\/fr\/wp-json\/wp\/v2\/media?parent=1861"}],"curies":[{"name":"wp","href":"https:\/\/api.w.org\/{rel}","templated":true}]}}