{"id":1872,"date":"2024-05-06T13:50:41","date_gmt":"2024-05-06T11:50:41","guid":{"rendered":"https:\/\/www.balcaengroup.be\/particulier\/clotures\/draadpanelen\/"},"modified":"2024-05-28T11:15:21","modified_gmt":"2024-05-28T09:15:21","slug":"panneaux-rigides","status":"publish","type":"page","link":"https:\/\/www.balcaengroup.be\/fr\/particulier\/clotures\/panneaux-rigides\/","title":{"rendered":"Panneaux rigides"},"content":{"rendered":"\t\t<div data-elementor-type=\"wp-page\" data-elementor-id=\"1872\" class=\"elementor elementor-1872 elementor-411\" data-elementor-post-type=\"page\">\n\t\t\t\t<div class=\"elementor-element elementor-element-5cd40e2 e-flex e-con-boxed e-con e-parent\" data-id=\"5cd40e2\" data-element_type=\"container\">\n\t\t\t\t\t<div class=\"e-con-inner\">\n\t\t\t\t<div class=\"elementor-element elementor-element-7e5a94e elementor-widget elementor-widget-image\" data-id=\"7e5a94e\" data-element_type=\"widget\" data-aos=\"fade-left\" data-widget_type=\"image.default\">\n\t\t\t\t<div class=\"elementor-widget-container\">\n\t\t\t\t\t\t\t\t\t\t\t\t\t\t\t<img fetchpriority=\"high\" decoding=\"async\" width=\"342\" height=\"190\" src=\"https:\/\/www.balcaengroup.be\/wp-content\/uploads\/2024\/05\/tiangle-particulier-03.svg\" class=\"attachment-full size-full wp-image-1732\" alt=\"\" \/>\t\t\t\t\t\t\t\t\t\t\t\t\t\t\t<\/div>\n\t\t\t\t<\/div>\n\t\t\t\t\t<\/div>\n\t\t\t\t<\/div>\n\t\t<div class=\"elementor-element elementor-element-d258f79 e-con-full e-flex e-con e-parent\" data-id=\"d258f79\" data-element_type=\"container\">\n\t\t<div class=\"elementor-element elementor-element-3e4e071 e-con-full e-flex e-con e-child\" data-id=\"3e4e071\" data-element_type=\"container\" data-aos=\"fade-right\">\n\t\t<div class=\"elementor-element elementor-element-71ff2eb e-con-full e-flex e-con e-child\" data-id=\"71ff2eb\" data-element_type=\"container\">\n\t\t\t\t<div class=\"elementor-element elementor-element-f411be0 elementor-widget elementor-widget-heading\" data-id=\"f411be0\" data-element_type=\"widget\" data-widget_type=\"heading.default\">\n\t\t\t\t<div class=\"elementor-widget-container\">\n\t\t\t\t\t<div class=\"elementor-heading-title elementor-size-default\">Cl\u00f4tures<\/div>\t\t\t\t<\/div>\n\t\t\t\t<\/div>\n\t\t\t\t<div class=\"elementor-element elementor-element-a96ba28 elementor-widget elementor-widget-heading\" data-id=\"a96ba28\" data-element_type=\"widget\" data-widget_type=\"heading.default\">\n\t\t\t\t<div class=\"elementor-widget-container\">\n\t\t\t\t\t<h1 class=\"elementor-heading-title elementor-size-default\">Panneaux rigides<\/h1>\t\t\t\t<\/div>\n\t\t\t\t<\/div>\n\t\t\t\t<\/div>\n\t\t\t\t<div class=\"elementor-element elementor-element-6c106bf elementor-widget elementor-widget-text-editor\" data-id=\"6c106bf\" data-element_type=\"widget\" data-widget_type=\"text-editor.default\">\n\t\t\t\t<div class=\"elementor-widget-container\">\n\t\t\t\t\t\t\t\t\t<p>Un grillage robuste mais esth\u00e9tique ? Optez alors pour des panneaux rigides. Ils sont non seulement s\u00fbrs et fiables, mais ils attirent aussi l&rsquo;attention. Ils durent \u00e9galement toute une vie, ce qui en fait une solution durable.<\/p><p>Les panneaux rigides sont disponibles en diff\u00e9rents mod\u00e8les et hauteurs pour correspondre au style de votre maison. Ils conviennent donc parfaitement pour cl\u00f4turer les jardins, les parcs ou les p\u00e2turages.<\/p>\t\t\t\t\t\t\t\t<\/div>\n\t\t\t\t<\/div>\n\t\t\t\t<\/div>\n\t\t<div class=\"elementor-element elementor-element-5fcb53c e-con-full e-flex e-con e-child\" data-id=\"5fcb53c\" data-element_type=\"container\" data-aos=\"fade-left\">\n\t\t\t\t<div class=\"elementor-element elementor-element-2b5269a img-skew-right elementor-widget elementor-widget-image\" data-id=\"2b5269a\" data-element_type=\"widget\" data-widget_type=\"image.default\">\n\t\t\t\t<div class=\"elementor-widget-container\">\n\t\t\t\t\t\t\t\t\t\t\t\t\t\t\t<img decoding=\"async\" width=\"1800\" height=\"1800\" src=\"https:\/\/www.balcaengroup.be\/wp-content\/uploads\/2024\/05\/banner-particulier-draadpanelen.jpg\" class=\"attachment-full size-full wp-image-1735\" alt=\"\" srcset=\"https:\/\/www.balcaengroup.be\/wp-content\/uploads\/2024\/05\/banner-particulier-draadpanelen.jpg 1800w, https:\/\/www.balcaengroup.be\/wp-content\/uploads\/2024\/05\/banner-particulier-draadpanelen-300x300.jpg 300w, https:\/\/www.balcaengroup.be\/wp-content\/uploads\/2024\/05\/banner-particulier-draadpanelen-1024x1024.jpg 1024w, https:\/\/www.balcaengroup.be\/wp-content\/uploads\/2024\/05\/banner-particulier-draadpanelen-150x150.jpg 150w, https:\/\/www.balcaengroup.be\/wp-content\/uploads\/2024\/05\/banner-particulier-draadpanelen-768x768.jpg 768w, https:\/\/www.balcaengroup.be\/wp-content\/uploads\/2024\/05\/banner-particulier-draadpanelen-1536x1536.jpg 1536w\" sizes=\"(max-width: 1800px) 100vw, 1800px\" \/>\t\t\t\t\t\t\t\t\t\t\t\t\t\t\t<\/div>\n\t\t\t\t<\/div>\n\t\t\t\t<\/div>\n\t\t\t\t<\/div>\n\t\t<div class=\"elementor-element elementor-element-b961337 e-con-full e-flex e-con e-parent\" data-id=\"b961337\" data-element_type=\"container\">\n\t\t<div class=\"elementor-element elementor-element-dfe7e0f e-con-full e-flex e-con e-child\" data-id=\"dfe7e0f\" data-element_type=\"container\" data-aos=\"fade-right\">\n\t\t\t\t<div class=\"elementor-element elementor-element-5ce71a7 img-skew-left elementor-widget elementor-widget-image\" data-id=\"5ce71a7\" data-element_type=\"widget\" data-widget_type=\"image.default\">\n\t\t\t\t<div class=\"elementor-widget-container\">\n\t\t\t\t\t\t\t\t\t\t\t\t\t\t\t<img decoding=\"async\" width=\"1330\" height=\"1330\" src=\"https:\/\/www.balcaengroup.be\/wp-content\/uploads\/2024\/05\/particulier-draadpanelen01.jpg\" class=\"attachment-full size-full wp-image-1736\" alt=\"\" srcset=\"https:\/\/www.balcaengroup.be\/wp-content\/uploads\/2024\/05\/particulier-draadpanelen01.jpg 1330w, https:\/\/www.balcaengroup.be\/wp-content\/uploads\/2024\/05\/particulier-draadpanelen01-300x300.jpg 300w, https:\/\/www.balcaengroup.be\/wp-content\/uploads\/2024\/05\/particulier-draadpanelen01-1024x1024.jpg 1024w, https:\/\/www.balcaengroup.be\/wp-content\/uploads\/2024\/05\/particulier-draadpanelen01-150x150.jpg 150w, https:\/\/www.balcaengroup.be\/wp-content\/uploads\/2024\/05\/particulier-draadpanelen01-768x768.jpg 768w\" sizes=\"(max-width: 1330px) 100vw, 1330px\" \/>\t\t\t\t\t\t\t\t\t\t\t\t\t\t\t<\/div>\n\t\t\t\t<\/div>\n\t\t\t\t<\/div>\n\t\t<div class=\"elementor-element elementor-element-28f1c65 e-con-full e-flex e-con e-child\" data-id=\"28f1c65\" data-element_type=\"container\" data-aos=\"fade-left\">\n\t\t\t\t<div class=\"elementor-element elementor-element-6f7de31 elementor-widget elementor-widget-heading\" data-id=\"6f7de31\" data-element_type=\"widget\" data-widget_type=\"heading.default\">\n\t\t\t\t<div class=\"elementor-widget-container\">\n\t\t\t\t\t<h2 class=\"elementor-heading-title elementor-size-default\">Avantages des panneaux rigides<\/h2>\t\t\t\t<\/div>\n\t\t\t\t<\/div>\n\t\t\t\t<div class=\"elementor-element elementor-element-45ef8a0 elementor-widget elementor-widget-text-editor\" data-id=\"45ef8a0\" data-element_type=\"widget\" data-widget_type=\"text-editor.default\">\n\t\t\t\t<div class=\"elementor-widget-container\">\n\t\t\t\t\t\t\t\t\t<p>Les panneaux rigides ne sont pas seulement s\u00fbrs, ils pr\u00e9sentent \u00e9galement de nombreux autres avantages :<\/p><p>&#8211; Longue dur\u00e9e de vie<br \/>&#8211; Structure solide<br \/>&#8211; Peu d&rsquo;entretien<br \/>&#8211; Excellente qualit\u00e9<br \/>&#8211; En combinaison avec des portes d&rsquo;entr\u00e9e<\/p>\t\t\t\t\t\t\t\t<\/div>\n\t\t\t\t<\/div>\n\t\t\t\t<\/div>\n\t\t\t\t<\/div>\n\t\t<div class=\"elementor-element elementor-element-8859bd2 e-flex e-con-boxed e-con e-parent\" data-id=\"8859bd2\" data-element_type=\"container\" data-aos=\"fade-up\">\n\t\t\t\t\t<div class=\"e-con-inner\">\n\t\t\t\t<div class=\"elementor-element elementor-element-f76f7e3 elementor-widget elementor-widget-heading\" data-id=\"f76f7e3\" data-element_type=\"widget\" data-widget_type=\"heading.default\">\n\t\t\t\t<div class=\"elementor-widget-container\">\n\t\t\t\t\t<h2 class=\"elementor-heading-title elementor-size-default\">Nos r\u00e9alisations avec des panneaux rigides<\/h2>\t\t\t\t<\/div>\n\t\t\t\t<\/div>\n\t\t\t\t<div class=\"elementor-element elementor-element-da66400 elementor-widget elementor-widget-text-editor\" data-id=\"da66400\" data-element_type=\"widget\" data-widget_type=\"text-editor.default\">\n\t\t\t\t<div class=\"elementor-widget-container\">\n\t\t\t\t\t\t\t\t\t<p>Vous \u00eates \u00e0 la recherche d&rsquo;inspiration\u00a0? Alors, faites d\u00e9filer nos r\u00e9alisations s\u00e9curis\u00e9es avec des panneaux rigides.<\/p>\t\t\t\t\t\t\t\t<\/div>\n\t\t\t\t<\/div>\n\t\t\t\t<div class=\"elementor-element elementor-element-72bca14 elementor-widget elementor-widget-ucaddon_ue_listing_grid\" data-id=\"72bca14\" data-element_type=\"widget\" data-widget_type=\"ucaddon_ue_listing_grid.default\">\n\t\t\t\t<div class=\"elementor-widget-container\">\n\t\t\t\t\t\n<!-- start Loop Grid -->\n<style>\/* widget: Loop Grid *\/\n\n\n\n#uc_ue_listing_grid_elementor_72bca14 {\n\t\n  \t      display: grid;\n    \n}\n\n#uc_ue_listing_grid_elementor_72bca14 .ue-grid-item{\n\tbox-sizing: border-box;\n    overflow:hidden;\n\t\n\n  \n}\n\n\n\n<\/style>\n\n<div class=\"ue-grid uc-items-wrapper uc-dynamic-popup-grid\" id=\"uc_ue_listing_grid_elementor_72bca14\"  data-template-id=\"862\">\n  <div class=\"ue-grid-item\" data-link=\"https:\/\/www.balcaengroup.be\/fr\/realisatie\/draadpanelen\/\">\n  <style>.elementor-2050 .elementor-element.elementor-element-74a8768{--display:flex;--flex-direction:column;--container-widget-width:100%;--container-widget-height:initial;--container-widget-flex-grow:0;--container-widget-align-self:initial;--flex-wrap-mobile:wrap;}.e-loop-item-2050{--preview-width:1200px;}\/* Start custom CSS for ucaddon_uc_image_default_theme, class: .elementor-element-1590db2 *\/.elementor-2050 .elementor-element.elementor-element-1590db2 .ug-strip-arrow {\n    filter: invert(1);\n}\n.elementor-2050 .elementor-element.elementor-element-1590db2 .ug-default-button-fullscreen-single,\n.elementor-2050 .elementor-element.elementor-element-1590db2 .ug-default-button-play-single,\n.elementor-2050 .elementor-element.elementor-element-1590db2 .ug-default-button-hidepanel {\n    display: none !important;\n}\n@media (max-width: 767px) {\n    .elementor-2050 .elementor-element.elementor-element-1590db2 .ug-gallery-wrapper {\n        height: 500px !important;\n    }\n}\/* End custom CSS *\/<\/style>\t\t<div data-elementor-type=\"loop-item\" data-elementor-id=\"2050\" class=\"elementor elementor-2050 uc-post-1989 elementor-862 e-loop-item e-loop-item-1989 post-1989 realisatie type-realisatie status-publish hentry category-panneaux-rigides category-particulier-fr\" data-elementor-post-type=\"elementor_library\" data-custom-edit-handle=\"1\">\n\t\t\t<div class=\"elementor-element elementor-element-74a8768 e-flex e-con-boxed e-con e-parent\" data-id=\"74a8768\" data-element_type=\"container\">\n\t\t\t\t\t<div class=\"e-con-inner\">\n\t\t\t\t<div class=\"elementor-element elementor-element-1590db2 elementor-widget elementor-widget-ucaddon_uc_image_default_theme\" data-id=\"1590db2\" data-element_type=\"widget\" data-widget_type=\"ucaddon_uc_image_default_theme.default\">\n\t\t\t\t<div class=\"elementor-widget-container\">\n\t\t\t\t\t\n<!-- start Thumbnail Gallery -->\n\t\t<link id='unitegallery-css' href='https:\/\/www.balcaengroup.be\/wp-content\/plugins\/unlimited-elements-for-elementor-premium\/assets_libraries\/unitegallery\/css\/unite-gallery.css' type='text\/css' rel='stylesheet' >\n\t\t<link id='uc_ac_assets_file_ug_theme_default_css_3038-css' href='https:\/\/www.balcaengroup.be\/wp-content\/uploads\/ac_assets\/uc_image_default_theme\/ug-theme-default.css' type='text\/css' rel='stylesheet' >\n\n\n<div id=\"uc_uc_image_default_theme_elementor_1590db2\" class=\"uc-items-wrapper  \" style=\"display:none; margin:0 auto;\"  data-remote-type=\"gallery\" data-custom-sethtml=\"true\" >\n\n\n<img decoding=\"async\" alt=\"IMG_8858\"\n   src=\"https:\/\/www.balcaengroup.be\/wp-content\/uploads\/2024\/05\/IMG_8858-768x512.jpg\"\n    data-image=\"https:\/\/www.balcaengroup.be\/wp-content\/uploads\/2024\/05\/IMG_8858.jpg\"\n    data-title=\"IMG_8858\">\n\n<img decoding=\"async\" alt=\"105243S_1BEKA\"\n   src=\"https:\/\/www.balcaengroup.be\/wp-content\/uploads\/2024\/05\/105243S_1BEKA-768x690.jpg\"\n    data-image=\"https:\/\/www.balcaengroup.be\/wp-content\/uploads\/2024\/05\/105243S_1BEKA.jpg\"\n    data-title=\"105243S_1BEKA\"\n    data-description=\"bbb\">\n\n<img decoding=\"async\" alt=\"2493m_2BEKA\"\n   src=\"https:\/\/www.balcaengroup.be\/wp-content\/uploads\/2024\/05\/2493m_2BEKA-768x775.jpg\"\n    data-image=\"https:\/\/www.balcaengroup.be\/wp-content\/uploads\/2024\/05\/2493m_2BEKA.jpg\"\n    data-title=\"2493m_2BEKA\">\n\n<img decoding=\"async\" alt=\"1823s_1beka\"\n   src=\"https:\/\/www.balcaengroup.be\/wp-content\/uploads\/2024\/05\/1823s_1beka-768x559.jpg\"\n    data-image=\"https:\/\/www.balcaengroup.be\/wp-content\/uploads\/2024\/05\/1823s_1beka.jpg\"\n    data-title=\"1823s_1beka\">\n\n<img decoding=\"async\" alt=\"_MG_9935\"\n   src=\"https:\/\/www.balcaengroup.be\/wp-content\/uploads\/2024\/05\/MG_9935-768x512.jpg\"\n    data-image=\"https:\/\/www.balcaengroup.be\/wp-content\/uploads\/2024\/05\/MG_9935.jpg\"\n    data-title=\"_MG_9935\">\n\n<img decoding=\"async\" alt=\"_MG_7647\"\n   src=\"https:\/\/www.balcaengroup.be\/wp-content\/uploads\/2024\/05\/MG_7647-768x512.jpg\"\n    data-image=\"https:\/\/www.balcaengroup.be\/wp-content\/uploads\/2024\/05\/MG_7647.jpg\"\n    data-title=\"_MG_7647\">\n\n  \n<\/div>\n<!-- end Thumbnail Gallery -->\t\t\t\t<\/div>\n\t\t\t\t<\/div>\n\t\t\t\t\t<\/div>\n\t\t\t\t<\/div>\n\t\t\t\t<\/div>\n\t\t\n<\/div>\n\n<\/div>\n\n\n    <div id=\"uc_ue_listing_grid_elementor_72bca14_empty_message\" class=\"ue-no-posts-found\"  style=\"display:none\" >No posts found<\/div>\n\n\n<!-- end Loop Grid -->\t\t\t\t<\/div>\n\t\t\t\t<\/div>\n\t\t\t\t<div class=\"elementor-element elementor-element-68c80d3 elementor-widget elementor-widget-button\" data-id=\"68c80d3\" data-element_type=\"widget\" data-widget_type=\"button.default\">\n\t\t\t\t<div class=\"elementor-widget-container\">\n\t\t\t\t\t\t\t\t\t<div class=\"elementor-button-wrapper\">\n\t\t\t\t\t<a class=\"elementor-button elementor-button-link elementor-size-sm\" href=\"https:\/\/www.balcaengroup.be\/fr\/particulier\/clotures\/\">\n\t\t\t\t\t\t<span class=\"elementor-button-content-wrapper\">\n\t\t\t\t\t\t\t\t\t<span class=\"elementor-button-text\">D\u00e9couvrez nos autres types de cl\u00f4tures<\/span>\n\t\t\t\t\t<\/span>\n\t\t\t\t\t<\/a>\n\t\t\t\t<\/div>\n\t\t\t\t\t\t\t\t<\/div>\n\t\t\t\t<\/div>\n\t\t\t\t\t<\/div>\n\t\t\t\t<\/div>\n\t\t<div class=\"elementor-element elementor-element-da9cf03 e-flex e-con-boxed e-con e-parent\" data-id=\"da9cf03\" data-element_type=\"container\">\n\t\t\t\t\t<div class=\"e-con-inner\">\n\t\t\t\t\t<\/div>\n\t\t\t\t<\/div>\n\t\t\t\t<\/div>\n\t\t","protected":false},"excerpt":{"rendered":"<p>Cl\u00f4tures Panneaux rigides Un grillage robuste mais esth\u00e9tique ? Optez alors pour des panneaux rigides. Ils sont non seulement s\u00fbrs et fiables, mais ils attirent aussi l&rsquo;attention. Ils durent \u00e9galement toute une vie, ce qui en fait une solution durable. Les panneaux rigides sont disponibles en diff\u00e9rents mod\u00e8les et hauteurs pour correspondre au style de [&hellip;]<\/p>\n","protected":false},"author":1,"featured_media":0,"parent":1867,"menu_order":5,"comment_status":"closed","ping_status":"closed","template":"","meta":{"_acf_changed":false,"footnotes":""},"class_list":["post-1872","page","type-page","status-publish","hentry"],"acf":[],"_links":{"self":[{"href":"https:\/\/www.balcaengroup.be\/fr\/wp-json\/wp\/v2\/pages\/1872","targetHints":{"allow":["GET"]}}],"collection":[{"href":"https:\/\/www.balcaengroup.be\/fr\/wp-json\/wp\/v2\/pages"}],"about":[{"href":"https:\/\/www.balcaengroup.be\/fr\/wp-json\/wp\/v2\/types\/page"}],"author":[{"embeddable":true,"href":"https:\/\/www.balcaengroup.be\/fr\/wp-json\/wp\/v2\/users\/1"}],"replies":[{"embeddable":true,"href":"https:\/\/www.balcaengroup.be\/fr\/wp-json\/wp\/v2\/comments?post=1872"}],"version-history":[{"count":5,"href":"https:\/\/www.balcaengroup.be\/fr\/wp-json\/wp\/v2\/pages\/1872\/revisions"}],"predecessor-version":[{"id":2002,"href":"https:\/\/www.balcaengroup.be\/fr\/wp-json\/wp\/v2\/pages\/1872\/revisions\/2002"}],"up":[{"embeddable":true,"href":"https:\/\/www.balcaengroup.be\/fr\/wp-json\/wp\/v2\/pages\/1867"}],"wp:attachment":[{"href":"https:\/\/www.balcaengroup.be\/fr\/wp-json\/wp\/v2\/media?parent=1872"}],"curies":[{"name":"wp","href":"https:\/\/api.w.org\/{rel}","templated":true}]}}