{"id":1894,"date":"2024-05-07T08:59:21","date_gmt":"2024-05-07T06:59:21","guid":{"rendered":"https:\/\/www.balcaengroup.be\/particulier\/poorten\/"},"modified":"2024-05-28T11:23:02","modified_gmt":"2024-05-28T09:23:02","slug":"portails","status":"publish","type":"page","link":"https:\/\/www.balcaengroup.be\/fr\/particulier\/portails\/","title":{"rendered":"Portails"},"content":{"rendered":"\t\t<div data-elementor-type=\"wp-page\" data-elementor-id=\"1894\" class=\"elementor elementor-1894 elementor-570\" data-elementor-post-type=\"page\">\n\t\t\t\t<div class=\"elementor-element elementor-element-e755f63 e-con-full e-flex e-con e-parent\" data-id=\"e755f63\" data-element_type=\"container\">\n\t\t<div class=\"elementor-element elementor-element-302207c e-con-full e-flex e-con e-child\" data-id=\"302207c\" data-element_type=\"container\" data-aos=\"fade-right\">\n\t\t\t\t<div class=\"elementor-element elementor-element-e634846 img-skew-left elementor-widget__width-initial elementor-widget elementor-widget-image\" data-id=\"e634846\" data-element_type=\"widget\" data-widget_type=\"image.default\">\n\t\t\t\t<div class=\"elementor-widget-container\">\n\t\t\t\t\t\t\t\t\t\t\t\t\t\t\t<img fetchpriority=\"high\" decoding=\"async\" width=\"1800\" height=\"1351\" src=\"https:\/\/www.balcaengroup.be\/wp-content\/uploads\/2024\/05\/particulier-poorten01.jpg\" class=\"attachment-full size-full wp-image-1754\" alt=\"\" srcset=\"https:\/\/www.balcaengroup.be\/wp-content\/uploads\/2024\/05\/particulier-poorten01.jpg 1800w, https:\/\/www.balcaengroup.be\/wp-content\/uploads\/2024\/05\/particulier-poorten01-300x225.jpg 300w, https:\/\/www.balcaengroup.be\/wp-content\/uploads\/2024\/05\/particulier-poorten01-1024x769.jpg 1024w, https:\/\/www.balcaengroup.be\/wp-content\/uploads\/2024\/05\/particulier-poorten01-768x576.jpg 768w, https:\/\/www.balcaengroup.be\/wp-content\/uploads\/2024\/05\/particulier-poorten01-1536x1153.jpg 1536w\" sizes=\"(max-width: 1800px) 100vw, 1800px\" \/>\t\t\t\t\t\t\t\t\t\t\t\t\t\t\t<\/div>\n\t\t\t\t<\/div>\n\t\t\t\t<div class=\"elementor-element elementor-element-77d0a14 img-skew-left elementor-widget elementor-widget-image\" data-id=\"77d0a14\" data-element_type=\"widget\" data-widget_type=\"image.default\">\n\t\t\t\t<div class=\"elementor-widget-container\">\n\t\t\t\t\t\t\t\t\t\t\t\t\t\t\t<img decoding=\"async\" width=\"1778\" height=\"1333\" src=\"https:\/\/www.balcaengroup.be\/wp-content\/uploads\/2024\/05\/particulier-poorten02.jpg\" class=\"attachment-full size-full wp-image-1753\" alt=\"\" srcset=\"https:\/\/www.balcaengroup.be\/wp-content\/uploads\/2024\/05\/particulier-poorten02.jpg 1778w, https:\/\/www.balcaengroup.be\/wp-content\/uploads\/2024\/05\/particulier-poorten02-300x225.jpg 300w, https:\/\/www.balcaengroup.be\/wp-content\/uploads\/2024\/05\/particulier-poorten02-1024x768.jpg 1024w, https:\/\/www.balcaengroup.be\/wp-content\/uploads\/2024\/05\/particulier-poorten02-768x576.jpg 768w, https:\/\/www.balcaengroup.be\/wp-content\/uploads\/2024\/05\/particulier-poorten02-1536x1152.jpg 1536w\" sizes=\"(max-width: 1778px) 100vw, 1778px\" \/>\t\t\t\t\t\t\t\t\t\t\t\t\t\t\t<\/div>\n\t\t\t\t<\/div>\n\t\t\t\t<\/div>\n\t\t<div class=\"elementor-element elementor-element-46a51da e-con-full e-flex e-con e-child\" data-id=\"46a51da\" data-element_type=\"container\" data-aos=\"fade-left\">\n\t\t\t\t<div class=\"elementor-element elementor-element-dc692fd elementor-widget elementor-widget-heading\" data-id=\"dc692fd\" data-element_type=\"widget\" data-widget_type=\"heading.default\">\n\t\t\t\t<div class=\"elementor-widget-container\">\n\t\t\t\t\t<h1 class=\"elementor-heading-title elementor-size-default\">Portails<\/h1>\t\t\t\t<\/div>\n\t\t\t\t<\/div>\n\t\t\t\t<div class=\"elementor-element elementor-element-b866684 elementor-widget elementor-widget-text-editor\" data-id=\"b866684\" data-element_type=\"widget\" data-widget_type=\"text-editor.default\">\n\t\t\t\t<div class=\"elementor-widget-container\">\n\t\t\t\t\t\t\t\t\t<p>Vous souhaitez d\u00e9corer votre jardin ou votre propri\u00e9t\u00e9 selon votre propre style et vos propres go\u00fbts ? Un portail qui refl\u00e8te votre style de maison et votre personnalit\u00e9 en fait partie. Les portails ne donnent pas seulement une touche suppl\u00e9mentaire \u00e0 votre propri\u00e9t\u00e9, ils assurent \u00e9galement la s\u00e9curit\u00e9 et l&rsquo;intimit\u00e9 n\u00e9cessaires. Nous vous proposons une large gamme de portails battants ou coulissants en m\u00e9tal ou en aluminium, avec ou sans automatisation.<\/p>\t\t\t\t\t\t\t\t<\/div>\n\t\t\t\t<\/div>\n\t\t<div class=\"elementor-element elementor-element-a39dc16 e-con-full e-flex e-con e-child\" data-id=\"a39dc16\" data-element_type=\"container\">\n\t\t\t\t<div class=\"elementor-element elementor-element-8123b3e elementor-widget elementor-widget-button\" data-id=\"8123b3e\" data-element_type=\"widget\" data-widget_type=\"button.default\">\n\t\t\t\t<div class=\"elementor-widget-container\">\n\t\t\t\t\t\t\t\t\t<div class=\"elementor-button-wrapper\">\n\t\t\t\t\t<a class=\"elementor-button elementor-button-link elementor-size-sm\" href=\"https:\/\/www.balcaengroup.be\/fr\/particulier\/portails\/en-metal\/\">\n\t\t\t\t\t\t<span class=\"elementor-button-content-wrapper\">\n\t\t\t\t\t\t\t\t\t<span class=\"elementor-button-text\">Portails en m\u00e9tal<\/span>\n\t\t\t\t\t<\/span>\n\t\t\t\t\t<\/a>\n\t\t\t\t<\/div>\n\t\t\t\t\t\t\t\t<\/div>\n\t\t\t\t<\/div>\n\t\t\t\t<div class=\"elementor-element elementor-element-ba26ef3 elementor-widget elementor-widget-button\" data-id=\"ba26ef3\" data-element_type=\"widget\" data-widget_type=\"button.default\">\n\t\t\t\t<div class=\"elementor-widget-container\">\n\t\t\t\t\t\t\t\t\t<div class=\"elementor-button-wrapper\">\n\t\t\t\t\t<a class=\"elementor-button elementor-button-link elementor-size-sm\" href=\"https:\/\/www.balcaengroup.be\/fr\/particulier\/portails\/en-bois\/\">\n\t\t\t\t\t\t<span class=\"elementor-button-content-wrapper\">\n\t\t\t\t\t\t\t\t\t<span class=\"elementor-button-text\">Portails en bois<\/span>\n\t\t\t\t\t<\/span>\n\t\t\t\t\t<\/a>\n\t\t\t\t<\/div>\n\t\t\t\t\t\t\t\t<\/div>\n\t\t\t\t<\/div>\n\t\t\t\t<div class=\"elementor-element elementor-element-23a2e03 elementor-widget elementor-widget-button\" data-id=\"23a2e03\" data-element_type=\"widget\" data-widget_type=\"button.default\">\n\t\t\t\t<div class=\"elementor-widget-container\">\n\t\t\t\t\t\t\t\t\t<div class=\"elementor-button-wrapper\">\n\t\t\t\t\t<a class=\"elementor-button elementor-button-link elementor-size-sm\" href=\"https:\/\/www.balcaengroup.be\/fr\/particulier\/portails\/en-aluminium\/\">\n\t\t\t\t\t\t<span class=\"elementor-button-content-wrapper\">\n\t\t\t\t\t\t\t\t\t<span class=\"elementor-button-text\">Portails en aluminium<\/span>\n\t\t\t\t\t<\/span>\n\t\t\t\t\t<\/a>\n\t\t\t\t<\/div>\n\t\t\t\t\t\t\t\t<\/div>\n\t\t\t\t<\/div>\n\t\t\t\t<\/div>\n\t\t\t\t<\/div>\n\t\t\t\t<\/div>\n\t\t<div class=\"elementor-element elementor-element-b311cda e-flex e-con-boxed e-con e-parent\" data-id=\"b311cda\" data-element_type=\"container\">\n\t\t\t\t\t<div class=\"e-con-inner\">\n\t\t<div class=\"elementor-element elementor-element-ea396d6 e-con-full e-flex e-con e-child\" data-id=\"ea396d6\" data-element_type=\"container\">\n\t\t<div class=\"elementor-element elementor-element-75ca349 e-con-full e-flex e-con e-child\" data-id=\"75ca349\" data-element_type=\"container\" data-aos=\"fade-right\">\n\t\t\t\t<div class=\"elementor-element elementor-element-14eff11 elementor-widget elementor-widget-heading\" data-id=\"14eff11\" data-element_type=\"widget\" data-widget_type=\"heading.default\">\n\t\t\t\t<div class=\"elementor-widget-container\">\n\t\t\t\t\t<h2 class=\"elementor-heading-title elementor-size-default\">Portails battants ou coulissants <\/h2>\t\t\t\t<\/div>\n\t\t\t\t<\/div>\n\t\t\t\t<div class=\"elementor-element elementor-element-85fa6bc elementor-widget elementor-widget-text-editor\" data-id=\"85fa6bc\" data-element_type=\"widget\" data-widget_type=\"text-editor.default\">\n\t\t\t\t<div class=\"elementor-widget-container\">\n\t\t\t\t\t\t\t\t\t<p>Tous les portails peuvent \u00eatre livr\u00e9s en version battante ou coulissante. Les portails battants s&rsquo;int\u00e8grent facilement dans les b\u00e2timents ou cl\u00f4tures existants et sont limit\u00e9s en largeur. Par rapport aux portails coulissants, ils ne n\u00e9cessitent qu&rsquo;un minimum d&rsquo;espace. Les portails coulissants peuvent \u00eatre mont\u00e9s sur rail ou sont autoportants. Ils n\u00e9cessitent plus d&rsquo;espace dans le prolongement du portail afin qu&rsquo;il n&rsquo;y ait pas de manque d&rsquo;espace lorsque le portail est ouvert. Les portails coulissants autoportants ont un aspect \u00e9l\u00e9gant et sont faciles \u00e0 entretenir, tandis que les portails coulissants sur rail sont g\u00e9n\u00e9ralement utilis\u00e9s pour les passages plus larges.<\/p>\t\t\t\t\t\t\t\t<\/div>\n\t\t\t\t<\/div>\n\t\t\t\t<\/div>\n\t\t<div class=\"elementor-element elementor-element-79cbbbd e-con-full e-flex e-con e-child\" data-id=\"79cbbbd\" data-element_type=\"container\" data-aos=\"fade-left\">\n\t\t\t\t<div class=\"elementor-element elementor-element-269b69b img-skew-right elementor-widget elementor-widget-image\" data-id=\"269b69b\" data-element_type=\"widget\" data-widget_type=\"image.default\">\n\t\t\t\t<div class=\"elementor-widget-container\">\n\t\t\t\t\t\t\t\t\t\t\t\t\t\t\t<img decoding=\"async\" width=\"1800\" height=\"1800\" src=\"https:\/\/www.balcaengroup.be\/wp-content\/uploads\/2024\/05\/particulier-draaipoort.jpg\" class=\"attachment-full size-full wp-image-1755\" alt=\"\" srcset=\"https:\/\/www.balcaengroup.be\/wp-content\/uploads\/2024\/05\/particulier-draaipoort.jpg 1800w, https:\/\/www.balcaengroup.be\/wp-content\/uploads\/2024\/05\/particulier-draaipoort-300x300.jpg 300w, https:\/\/www.balcaengroup.be\/wp-content\/uploads\/2024\/05\/particulier-draaipoort-1024x1024.jpg 1024w, https:\/\/www.balcaengroup.be\/wp-content\/uploads\/2024\/05\/particulier-draaipoort-150x150.jpg 150w, https:\/\/www.balcaengroup.be\/wp-content\/uploads\/2024\/05\/particulier-draaipoort-768x768.jpg 768w, https:\/\/www.balcaengroup.be\/wp-content\/uploads\/2024\/05\/particulier-draaipoort-1536x1536.jpg 1536w\" sizes=\"(max-width: 1800px) 100vw, 1800px\" \/>\t\t\t\t\t\t\t\t\t\t\t\t\t\t\t<\/div>\n\t\t\t\t<\/div>\n\t\t\t\t<div class=\"elementor-element elementor-element-5c80fbe elementor-widget elementor-widget-image\" data-id=\"5c80fbe\" data-element_type=\"widget\" data-aos=\"fade-left\" data-widget_type=\"image.default\">\n\t\t\t\t<div class=\"elementor-widget-container\">\n\t\t\t\t\t\t\t\t\t\t\t\t\t\t\t<img loading=\"lazy\" decoding=\"async\" width=\"342\" height=\"190\" src=\"https:\/\/www.balcaengroup.be\/wp-content\/uploads\/2024\/05\/tiangle-particulier-03.svg\" class=\"attachment-full size-full wp-image-1732\" alt=\"\" \/>\t\t\t\t\t\t\t\t\t\t\t\t\t\t\t<\/div>\n\t\t\t\t<\/div>\n\t\t\t\t<\/div>\n\t\t\t\t<\/div>\n\t\t\t\t\t<\/div>\n\t\t\t\t<\/div>\n\t\t<div class=\"elementor-element elementor-element-580586e e-con-full e-flex e-con e-parent\" data-id=\"580586e\" data-element_type=\"container\" data-aos=\"fade-up\">\n\t\t\t\t<div class=\"elementor-element elementor-element-27cd128 elementor-widget elementor-widget-heading\" data-id=\"27cd128\" data-element_type=\"widget\" data-widget_type=\"heading.default\">\n\t\t\t\t<div class=\"elementor-widget-container\">\n\t\t\t\t\t<h2 class=\"elementor-heading-title elementor-size-default\">Portails automatiques<\/h2>\t\t\t\t<\/div>\n\t\t\t\t<\/div>\n\t\t\t\t<\/div>\n\t\t<div class=\"elementor-element elementor-element-ee4d5b0 e-con-full e-flex e-con e-parent\" data-id=\"ee4d5b0\" data-element_type=\"container\" data-aos=\"fade-up\">\n\t\t<div class=\"elementor-element elementor-element-ce4b491 e-con-full e-flex e-con e-child\" data-id=\"ce4b491\" data-element_type=\"container\">\n\t\t\t\t<div class=\"elementor-element elementor-element-0bb2c4c elementor-widget elementor-widget-text-editor\" data-id=\"0bb2c4c\" data-element_type=\"widget\" data-widget_type=\"text-editor.default\">\n\t\t\t\t<div class=\"elementor-widget-container\">\n\t\t\t\t\t\t\t\t\t<p>Vous pouvez aussi ouvrir ou fermer votre portail en m\u00e9tal, en bois ou en aluminium \u00e0 distance gr\u00e2ce \u00e0 nos syst\u00e8mes d&rsquo;automatisation.<\/p><p>Vous avez un portail battant ? Il existe alors diff\u00e9rents syst\u00e8mes pour l&rsquo;automatiser. Vous pouvez travailler avec des moteurs a\u00e9riens sur le portail, des moteurs \u00e0 bras articul\u00e9s ou des moteurs enterr\u00e9s. Le choix du type de moteur d\u00e9pend de diff\u00e9rents facteurs tels que la structure ouverte ou ferm\u00e9e du portail, les dimensions des poteaux et des vantaux, etc.<\/p><p>Avez-vous un portail coulissant ? Dans ce cas, nous travaillons avec les moteurs puissants de Roger Technology. Le choix du type de moteur d\u00e9pend ici du poids, de la vitesse et de l&rsquo;utilisation intensive ou r\u00e9sidentielle, du type de portail coulissant, autoportant ou sur rails, &#8230;<\/p>\t\t\t\t\t\t\t\t<\/div>\n\t\t\t\t<\/div>\n\t\t\t\t<\/div>\n\t\t<div class=\"elementor-element elementor-element-a3642fd e-con-full e-flex e-con e-child\" data-id=\"a3642fd\" data-element_type=\"container\">\n\t\t\t\t<div class=\"elementor-element elementor-element-cbf7f81 elementor-widget elementor-widget-text-editor\" data-id=\"cbf7f81\" data-element_type=\"widget\" data-widget_type=\"text-editor.default\">\n\t\t\t\t<div class=\"elementor-widget-container\">\n\t\t\t\t\t\t\t\t\t<p>De plus, les diff\u00e9rents moteurs peuvent \u00e9galement \u00eatre combin\u00e9s avec un interphone et\/ou un vid\u00e9ophone. Nous offrons une large gamme de possibilit\u00e9s telles qu&rsquo;un interrupteur \u00e0 cl\u00e9 homme pr\u00e9sent, un \u00e9metteur-r\u00e9cepteur radio, un clavier \u00e0 code, un lecteur de carte magn\u00e9tique, phares, un interphone, un vid\u00e9ophone, une horloge de programmation ou une boucle magn\u00e9tique.<\/p><p>Pour que votre portail automatique fonctionne parfaitement tout au long de l&rsquo;ann\u00e9e, nous nous d\u00e9pla\u00e7ons chez vous pour l&rsquo;entretien sur demande. Votre portail ne fonctionne plus correctement ? Demandez alors une intervention rapide.<\/p>\t\t\t\t\t\t\t\t<\/div>\n\t\t\t\t<\/div>\n\t\t\t\t<div class=\"elementor-element elementor-element-a302ea6 elementor-align-right elementor-widget elementor-widget-button\" data-id=\"a302ea6\" data-element_type=\"widget\" data-widget_type=\"button.default\">\n\t\t\t\t<div class=\"elementor-widget-container\">\n\t\t\t\t\t\t\t\t\t<div class=\"elementor-button-wrapper\">\n\t\t\t\t\t<a class=\"elementor-button elementor-button-link elementor-size-sm\" href=\"https:\/\/www.balcaengroup.be\/fr\/particulier\/portails\/demande-dintervention\/\">\n\t\t\t\t\t\t<span class=\"elementor-button-content-wrapper\">\n\t\t\t\t\t\t\t\t\t<span class=\"elementor-button-text\">Demandez une intervention<\/span>\n\t\t\t\t\t<\/span>\n\t\t\t\t\t<\/a>\n\t\t\t\t<\/div>\n\t\t\t\t\t\t\t\t<\/div>\n\t\t\t\t<\/div>\n\t\t\t\t<\/div>\n\t\t\t\t<\/div>\n\t\t<div class=\"elementor-element elementor-element-a659073 e-flex e-con-boxed e-con e-parent\" data-id=\"a659073\" data-element_type=\"container\">\n\t\t\t\t\t<div class=\"e-con-inner\">\n\t\t\t\t\t<\/div>\n\t\t\t\t<\/div>\n\t\t\t\t<\/div>\n\t\t","protected":false},"excerpt":{"rendered":"<p>Portails Vous souhaitez d\u00e9corer votre jardin ou votre propri\u00e9t\u00e9 selon votre propre style et vos propres go\u00fbts ? Un portail qui refl\u00e8te votre style de maison et votre personnalit\u00e9 en fait partie. Les portails ne donnent pas seulement une touche suppl\u00e9mentaire \u00e0 votre propri\u00e9t\u00e9, ils assurent \u00e9galement la s\u00e9curit\u00e9 et l&rsquo;intimit\u00e9 n\u00e9cessaires. Nous vous proposons [&hellip;]<\/p>\n","protected":false},"author":1,"featured_media":0,"parent":1839,"menu_order":8,"comment_status":"closed","ping_status":"closed","template":"","meta":{"_acf_changed":false,"footnotes":""},"class_list":["post-1894","page","type-page","status-publish","hentry"],"acf":[],"_links":{"self":[{"href":"https:\/\/www.balcaengroup.be\/fr\/wp-json\/wp\/v2\/pages\/1894","targetHints":{"allow":["GET"]}}],"collection":[{"href":"https:\/\/www.balcaengroup.be\/fr\/wp-json\/wp\/v2\/pages"}],"about":[{"href":"https:\/\/www.balcaengroup.be\/fr\/wp-json\/wp\/v2\/types\/page"}],"author":[{"embeddable":true,"href":"https:\/\/www.balcaengroup.be\/fr\/wp-json\/wp\/v2\/users\/1"}],"replies":[{"embeddable":true,"href":"https:\/\/www.balcaengroup.be\/fr\/wp-json\/wp\/v2\/comments?post=1894"}],"version-history":[{"count":5,"href":"https:\/\/www.balcaengroup.be\/fr\/wp-json\/wp\/v2\/pages\/1894\/revisions"}],"predecessor-version":[{"id":2035,"href":"https:\/\/www.balcaengroup.be\/fr\/wp-json\/wp\/v2\/pages\/1894\/revisions\/2035"}],"up":[{"embeddable":true,"href":"https:\/\/www.balcaengroup.be\/fr\/wp-json\/wp\/v2\/pages\/1839"}],"wp:attachment":[{"href":"https:\/\/www.balcaengroup.be\/fr\/wp-json\/wp\/v2\/media?parent=1894"}],"curies":[{"name":"wp","href":"https:\/\/api.w.org\/{rel}","templated":true}]}}