{"id":1905,"date":"2024-05-07T09:16:40","date_gmt":"2024-05-07T07:16:40","guid":{"rendered":"https:\/\/www.balcaengroup.be\/particulier\/portails\/houten\/"},"modified":"2024-05-28T11:18:03","modified_gmt":"2024-05-28T09:18:03","slug":"en-bois","status":"publish","type":"page","link":"https:\/\/www.balcaengroup.be\/fr\/particulier\/portails\/en-bois\/","title":{"rendered":"En bois"},"content":{"rendered":"\t\t<div data-elementor-type=\"wp-page\" data-elementor-id=\"1905\" class=\"elementor elementor-1905 elementor-600\" data-elementor-post-type=\"page\">\n\t\t\t\t<div class=\"elementor-element elementor-element-5cd40e2 e-flex e-con-boxed e-con e-parent\" data-id=\"5cd40e2\" data-element_type=\"container\">\n\t\t\t\t\t<div class=\"e-con-inner\">\n\t\t\t\t<div class=\"elementor-element elementor-element-7e5a94e elementor-widget elementor-widget-image\" data-id=\"7e5a94e\" data-element_type=\"widget\" data-aos=\"fade-left\" data-widget_type=\"image.default\">\n\t\t\t\t<div class=\"elementor-widget-container\">\n\t\t\t\t\t\t\t\t\t\t\t\t\t\t\t<img fetchpriority=\"high\" decoding=\"async\" width=\"342\" height=\"190\" src=\"https:\/\/www.balcaengroup.be\/wp-content\/uploads\/2024\/05\/tiangle-particulier-03.svg\" class=\"attachment-full size-full wp-image-1732\" alt=\"\" \/>\t\t\t\t\t\t\t\t\t\t\t\t\t\t\t<\/div>\n\t\t\t\t<\/div>\n\t\t\t\t\t<\/div>\n\t\t\t\t<\/div>\n\t\t<div class=\"elementor-element elementor-element-d258f79 e-con-full e-flex e-con e-parent\" data-id=\"d258f79\" data-element_type=\"container\">\n\t\t<div class=\"elementor-element elementor-element-3e4e071 e-con-full e-flex e-con e-child\" data-id=\"3e4e071\" data-element_type=\"container\" data-aos=\"fade-right\">\n\t\t<div class=\"elementor-element elementor-element-71ff2eb e-con-full e-flex e-con e-child\" data-id=\"71ff2eb\" data-element_type=\"container\">\n\t\t\t\t<div class=\"elementor-element elementor-element-f411be0 elementor-widget elementor-widget-heading\" data-id=\"f411be0\" data-element_type=\"widget\" data-widget_type=\"heading.default\">\n\t\t\t\t<div class=\"elementor-widget-container\">\n\t\t\t\t\t<div class=\"elementor-heading-title elementor-size-default\">Portails<\/div>\t\t\t\t<\/div>\n\t\t\t\t<\/div>\n\t\t\t\t<div class=\"elementor-element elementor-element-a96ba28 elementor-widget elementor-widget-heading\" data-id=\"a96ba28\" data-element_type=\"widget\" data-widget_type=\"heading.default\">\n\t\t\t\t<div class=\"elementor-widget-container\">\n\t\t\t\t\t<h1 class=\"elementor-heading-title elementor-size-default\">Portails en bois<\/h1>\t\t\t\t<\/div>\n\t\t\t\t<\/div>\n\t\t\t\t<\/div>\n\t\t\t\t<div class=\"elementor-element elementor-element-6c106bf elementor-widget elementor-widget-text-editor\" data-id=\"6c106bf\" data-element_type=\"widget\" data-widget_type=\"text-editor.default\">\n\t\t\t\t<div class=\"elementor-widget-container\">\n\t\t\t\t\t\t\t\t\t<p>Que vous souhaitiez un portail intemporel en ch\u00eane ou un mod\u00e8le design en meranti, nous veillons \u00e0 ce que chaque portail en bois soit livr\u00e9 et install\u00e9 \u00e0 la perfection. En fonction du type de bois, un certain entretien sera n\u00e9cessaire. Par exemple, les portails en pin trait\u00e9 sous pression ne n\u00e9cessitent aucun entretien, tandis que les portails en meranti peuvent recevoir une premi\u00e8re couche de protection sur demande, car ils sont livr\u00e9s non trait\u00e9s. Les portails en ch\u00e2taignier ou en padouk sont livr\u00e9s non trait\u00e9s et ne n\u00e9cessitent pas d&rsquo;entretien suppl\u00e9mentaire. Les poteaux en ch\u00eane, azob\u00e9 et padouk sont suffisamment durables et peuvent donc \u00eatre plant\u00e9s dans le sol sans aucun traitement.<\/p><p>Nos portails en bois sont disponibles dans de nombreux mod\u00e8les, styles et finitions.<\/p>\t\t\t\t\t\t\t\t<\/div>\n\t\t\t\t<\/div>\n\t\t\t\t<\/div>\n\t\t<div class=\"elementor-element elementor-element-5fcb53c e-con-full e-flex e-con e-child\" data-id=\"5fcb53c\" data-element_type=\"container\" data-aos=\"fade-left\">\n\t\t\t\t<div class=\"elementor-element elementor-element-2b5269a img-skew-right elementor-widget elementor-widget-image\" data-id=\"2b5269a\" data-element_type=\"widget\" data-widget_type=\"image.default\">\n\t\t\t\t<div class=\"elementor-widget-container\">\n\t\t\t\t\t\t\t\t\t\t\t\t\t\t\t<img decoding=\"async\" width=\"1800\" height=\"1800\" src=\"https:\/\/www.balcaengroup.be\/wp-content\/uploads\/2024\/05\/banner-particulier-houten-poorten.jpg\" class=\"attachment-full size-full wp-image-1758\" alt=\"\" srcset=\"https:\/\/www.balcaengroup.be\/wp-content\/uploads\/2024\/05\/banner-particulier-houten-poorten.jpg 1800w, https:\/\/www.balcaengroup.be\/wp-content\/uploads\/2024\/05\/banner-particulier-houten-poorten-300x300.jpg 300w, https:\/\/www.balcaengroup.be\/wp-content\/uploads\/2024\/05\/banner-particulier-houten-poorten-1024x1024.jpg 1024w, https:\/\/www.balcaengroup.be\/wp-content\/uploads\/2024\/05\/banner-particulier-houten-poorten-150x150.jpg 150w, https:\/\/www.balcaengroup.be\/wp-content\/uploads\/2024\/05\/banner-particulier-houten-poorten-768x768.jpg 768w, https:\/\/www.balcaengroup.be\/wp-content\/uploads\/2024\/05\/banner-particulier-houten-poorten-1536x1536.jpg 1536w\" sizes=\"(max-width: 1800px) 100vw, 1800px\" \/>\t\t\t\t\t\t\t\t\t\t\t\t\t\t\t<\/div>\n\t\t\t\t<\/div>\n\t\t\t\t<\/div>\n\t\t\t\t<\/div>\n\t\t<div class=\"elementor-element elementor-element-b961337 e-con-full e-flex e-con e-parent\" data-id=\"b961337\" data-element_type=\"container\">\n\t\t<div class=\"elementor-element elementor-element-dfe7e0f e-con-full e-flex e-con e-child\" data-id=\"dfe7e0f\" data-element_type=\"container\" data-aos=\"fade-right\">\n\t\t\t\t<div class=\"elementor-element elementor-element-5ce71a7 img-skew-left elementor-widget elementor-widget-image\" data-id=\"5ce71a7\" data-element_type=\"widget\" data-widget_type=\"image.default\">\n\t\t\t\t<div class=\"elementor-widget-container\">\n\t\t\t\t\t\t\t\t\t\t\t\t\t\t\t<img decoding=\"async\" width=\"1800\" height=\"1800\" src=\"https:\/\/www.balcaengroup.be\/wp-content\/uploads\/2024\/05\/particulier-houten-poorten01.jpg\" class=\"attachment-full size-full wp-image-1759\" alt=\"\" srcset=\"https:\/\/www.balcaengroup.be\/wp-content\/uploads\/2024\/05\/particulier-houten-poorten01.jpg 1800w, https:\/\/www.balcaengroup.be\/wp-content\/uploads\/2024\/05\/particulier-houten-poorten01-300x300.jpg 300w, https:\/\/www.balcaengroup.be\/wp-content\/uploads\/2024\/05\/particulier-houten-poorten01-1024x1024.jpg 1024w, https:\/\/www.balcaengroup.be\/wp-content\/uploads\/2024\/05\/particulier-houten-poorten01-150x150.jpg 150w, https:\/\/www.balcaengroup.be\/wp-content\/uploads\/2024\/05\/particulier-houten-poorten01-768x768.jpg 768w, https:\/\/www.balcaengroup.be\/wp-content\/uploads\/2024\/05\/particulier-houten-poorten01-1536x1536.jpg 1536w\" sizes=\"(max-width: 1800px) 100vw, 1800px\" \/>\t\t\t\t\t\t\t\t\t\t\t\t\t\t\t<\/div>\n\t\t\t\t<\/div>\n\t\t\t\t<\/div>\n\t\t<div class=\"elementor-element elementor-element-28f1c65 e-con-full e-flex e-con e-child\" data-id=\"28f1c65\" data-element_type=\"container\" data-aos=\"fade-left\">\n\t\t\t\t<div class=\"elementor-element elementor-element-6f7de31 elementor-widget elementor-widget-heading\" data-id=\"6f7de31\" data-element_type=\"widget\" data-widget_type=\"heading.default\">\n\t\t\t\t<div class=\"elementor-widget-container\">\n\t\t\t\t\t<h2 class=\"elementor-heading-title elementor-size-default\">Avantages des portails en bois <\/h2>\t\t\t\t<\/div>\n\t\t\t\t<\/div>\n\t\t\t\t<div class=\"elementor-element elementor-element-45ef8a0 elementor-widget elementor-widget-text-editor\" data-id=\"45ef8a0\" data-element_type=\"widget\" data-widget_type=\"text-editor.default\">\n\t\t\t\t<div class=\"elementor-widget-container\">\n\t\t\t\t\t\t\t\t\t<p>Les portails en bois apportent du charme, de l&rsquo;authenticit\u00e9 et de la classe. De plus, s&rsquo;ils sont bien entretenus, ils durent longtemps et emp\u00eachent les intrus d\u2019entrer chez vous.<\/p>\t\t\t\t\t\t\t\t<\/div>\n\t\t\t\t<\/div>\n\t\t\t\t<\/div>\n\t\t\t\t<\/div>\n\t\t<div class=\"elementor-element elementor-element-8859bd2 e-flex e-con-boxed e-con e-parent\" data-id=\"8859bd2\" data-element_type=\"container\" data-aos=\"fade-up\">\n\t\t\t\t\t<div class=\"e-con-inner\">\n\t\t\t\t<div class=\"elementor-element elementor-element-f76f7e3 elementor-widget elementor-widget-heading\" data-id=\"f76f7e3\" data-element_type=\"widget\" data-widget_type=\"heading.default\">\n\t\t\t\t<div class=\"elementor-widget-container\">\n\t\t\t\t\t<h2 class=\"elementor-heading-title elementor-size-default\">Nos r\u00e9alisations avec des portails en bois<\/h2>\t\t\t\t<\/div>\n\t\t\t\t<\/div>\n\t\t\t\t<div class=\"elementor-element elementor-element-da66400 elementor-widget elementor-widget-text-editor\" data-id=\"da66400\" data-element_type=\"widget\" data-widget_type=\"text-editor.default\">\n\t\t\t\t<div class=\"elementor-widget-container\">\n\t\t\t\t\t\t\t\t\t<p>Vous \u00eates \u00e0 la recherche d&rsquo;inspiration ? Alors faites d\u00e9filer nos r\u00e9alisations robustes avec des portails en bois.<\/p>\t\t\t\t\t\t\t\t<\/div>\n\t\t\t\t<\/div>\n\t\t\t\t<div class=\"elementor-element elementor-element-504bba9 elementor-widget elementor-widget-ucaddon_ue_listing_grid\" data-id=\"504bba9\" data-element_type=\"widget\" data-widget_type=\"ucaddon_ue_listing_grid.default\">\n\t\t\t\t<div class=\"elementor-widget-container\">\n\t\t\t\t\t\n<!-- start Loop Grid -->\n<style>\/* widget: Loop Grid *\/\n\n\n\n#uc_ue_listing_grid_elementor_504bba9 {\n\t\n  \t      display: grid;\n    \n}\n\n#uc_ue_listing_grid_elementor_504bba9 .ue-grid-item{\n\tbox-sizing: border-box;\n    overflow:hidden;\n\t\n\n  \n}\n\n\n\n<\/style>\n\n<div class=\"ue-grid uc-items-wrapper uc-dynamic-popup-grid\" id=\"uc_ue_listing_grid_elementor_504bba9\"  data-template-id=\"862\">\n  <div class=\"ue-grid-item\" data-link=\"https:\/\/www.balcaengroup.be\/fr\/realisatie\/houten-poorten\/\">\n  <style>.elementor-2050 .elementor-element.elementor-element-74a8768{--display:flex;--flex-direction:column;--container-widget-width:100%;--container-widget-height:initial;--container-widget-flex-grow:0;--container-widget-align-self:initial;--flex-wrap-mobile:wrap;}.e-loop-item-2050{--preview-width:1200px;}\/* Start custom CSS for ucaddon_uc_image_default_theme, class: .elementor-element-1590db2 *\/.elementor-2050 .elementor-element.elementor-element-1590db2 .ug-strip-arrow {\n    filter: invert(1);\n}\n.elementor-2050 .elementor-element.elementor-element-1590db2 .ug-default-button-fullscreen-single,\n.elementor-2050 .elementor-element.elementor-element-1590db2 .ug-default-button-play-single,\n.elementor-2050 .elementor-element.elementor-element-1590db2 .ug-default-button-hidepanel {\n    display: none !important;\n}\n@media (max-width: 767px) {\n    .elementor-2050 .elementor-element.elementor-element-1590db2 .ug-gallery-wrapper {\n        height: 500px !important;\n    }\n}\/* End custom CSS *\/<\/style>\t\t<div data-elementor-type=\"loop-item\" data-elementor-id=\"2050\" class=\"elementor elementor-2050 uc-post-1993 elementor-862 e-loop-item e-loop-item-1993 post-1993 realisatie type-realisatie status-publish hentry category-en-bois category-particulier-fr\" data-elementor-post-type=\"elementor_library\" data-custom-edit-handle=\"1\">\n\t\t\t<div class=\"elementor-element elementor-element-74a8768 e-flex e-con-boxed e-con e-parent\" data-id=\"74a8768\" data-element_type=\"container\">\n\t\t\t\t\t<div class=\"e-con-inner\">\n\t\t\t\t<div class=\"elementor-element elementor-element-1590db2 elementor-widget elementor-widget-ucaddon_uc_image_default_theme\" data-id=\"1590db2\" data-element_type=\"widget\" data-widget_type=\"ucaddon_uc_image_default_theme.default\">\n\t\t\t\t<div class=\"elementor-widget-container\">\n\t\t\t\t\t\n<!-- start Thumbnail Gallery -->\n\t\t<link id='unitegallery-css' href='https:\/\/www.balcaengroup.be\/wp-content\/plugins\/unlimited-elements-for-elementor-premium\/assets_libraries\/unitegallery\/css\/unite-gallery.css' type='text\/css' rel='stylesheet' >\n\t\t<link id='uc_ac_assets_file_ug_theme_default_css_3038-css' href='https:\/\/www.balcaengroup.be\/wp-content\/uploads\/ac_assets\/uc_image_default_theme\/ug-theme-default.css' type='text\/css' rel='stylesheet' >\n\n\n<div id=\"uc_uc_image_default_theme_elementor_1590db2\" class=\"uc-items-wrapper  \" style=\"display:none; margin:0 auto;\"  data-remote-type=\"gallery\" data-custom-sethtml=\"true\" >\n\n\n<img decoding=\"async\" alt=\"20220420_125043\"\n   src=\"https:\/\/www.balcaengroup.be\/wp-content\/uploads\/2024\/05\/20220420_125043-768x768.jpg\"\n    data-image=\"https:\/\/www.balcaengroup.be\/wp-content\/uploads\/2024\/05\/20220420_125043.jpg\"\n    data-title=\"20220420_125043\">\n\n<img decoding=\"async\" alt=\"20220417_142714\"\n   src=\"https:\/\/www.balcaengroup.be\/wp-content\/uploads\/2024\/05\/20220417_142714-768x576.jpg\"\n    data-image=\"https:\/\/www.balcaengroup.be\/wp-content\/uploads\/2024\/05\/20220417_142714.jpg\"\n    data-title=\"20220417_142714\">\n\n  \n<\/div>\n<!-- end Thumbnail Gallery -->\t\t\t\t<\/div>\n\t\t\t\t<\/div>\n\t\t\t\t\t<\/div>\n\t\t\t\t<\/div>\n\t\t\t\t<\/div>\n\t\t\n<\/div>\n\n<\/div>\n\n\n    <div id=\"uc_ue_listing_grid_elementor_504bba9_empty_message\" class=\"ue-no-posts-found\"  style=\"display:none\" >No posts found<\/div>\n\n\n<!-- end Loop Grid -->\t\t\t\t<\/div>\n\t\t\t\t<\/div>\n\t\t\t\t<div class=\"elementor-element elementor-element-68c80d3 elementor-widget elementor-widget-button\" data-id=\"68c80d3\" data-element_type=\"widget\" data-widget_type=\"button.default\">\n\t\t\t\t<div class=\"elementor-widget-container\">\n\t\t\t\t\t\t\t\t\t<div class=\"elementor-button-wrapper\">\n\t\t\t\t\t<a class=\"elementor-button elementor-button-link elementor-size-sm\" href=\"https:\/\/www.balcaengroup.be\/fr\/particulier\/portails\/\">\n\t\t\t\t\t\t<span class=\"elementor-button-content-wrapper\">\n\t\t\t\t\t\t\t\t\t<span class=\"elementor-button-text\">D\u00e9couvrez nos portails<\/span>\n\t\t\t\t\t<\/span>\n\t\t\t\t\t<\/a>\n\t\t\t\t<\/div>\n\t\t\t\t\t\t\t\t<\/div>\n\t\t\t\t<\/div>\n\t\t\t\t\t<\/div>\n\t\t\t\t<\/div>\n\t\t<div class=\"elementor-element elementor-element-da9cf03 e-flex e-con-boxed e-con e-parent\" data-id=\"da9cf03\" data-element_type=\"container\">\n\t\t\t\t\t<div class=\"e-con-inner\">\n\t\t\t\t\t<\/div>\n\t\t\t\t<\/div>\n\t\t\t\t<\/div>\n\t\t","protected":false},"excerpt":{"rendered":"<p>Portails Portails en bois Que vous souhaitiez un portail intemporel en ch\u00eane ou un mod\u00e8le design en meranti, nous veillons \u00e0 ce que chaque portail en bois soit livr\u00e9 et install\u00e9 \u00e0 la perfection. En fonction du type de bois, un certain entretien sera n\u00e9cessaire. Par exemple, les portails en pin trait\u00e9 sous pression ne [&hellip;]<\/p>\n","protected":false},"author":1,"featured_media":0,"parent":1894,"menu_order":10,"comment_status":"closed","ping_status":"closed","template":"","meta":{"_acf_changed":false,"footnotes":""},"class_list":["post-1905","page","type-page","status-publish","hentry"],"acf":[],"_links":{"self":[{"href":"https:\/\/www.balcaengroup.be\/fr\/wp-json\/wp\/v2\/pages\/1905","targetHints":{"allow":["GET"]}}],"collection":[{"href":"https:\/\/www.balcaengroup.be\/fr\/wp-json\/wp\/v2\/pages"}],"about":[{"href":"https:\/\/www.balcaengroup.be\/fr\/wp-json\/wp\/v2\/types\/page"}],"author":[{"embeddable":true,"href":"https:\/\/www.balcaengroup.be\/fr\/wp-json\/wp\/v2\/users\/1"}],"replies":[{"embeddable":true,"href":"https:\/\/www.balcaengroup.be\/fr\/wp-json\/wp\/v2\/comments?post=1905"}],"version-history":[{"count":5,"href":"https:\/\/www.balcaengroup.be\/fr\/wp-json\/wp\/v2\/pages\/1905\/revisions"}],"predecessor-version":[{"id":2014,"href":"https:\/\/www.balcaengroup.be\/fr\/wp-json\/wp\/v2\/pages\/1905\/revisions\/2014"}],"up":[{"embeddable":true,"href":"https:\/\/www.balcaengroup.be\/fr\/wp-json\/wp\/v2\/pages\/1894"}],"wp:attachment":[{"href":"https:\/\/www.balcaengroup.be\/fr\/wp-json\/wp\/v2\/media?parent=1905"}],"curies":[{"name":"wp","href":"https:\/\/api.w.org\/{rel}","templated":true}]}}