{"id":1915,"date":"2024-05-07T09:23:22","date_gmt":"2024-05-07T07:23:22","guid":{"rendered":"https:\/\/www.balcaengroup.be\/particulier\/portails\/interventieaanvraag\/"},"modified":"2024-05-28T10:07:59","modified_gmt":"2024-05-28T08:07:59","slug":"demande-dintervention","status":"publish","type":"page","link":"https:\/\/www.balcaengroup.be\/fr\/particulier\/portails\/demande-dintervention\/","title":{"rendered":"Demande d\u2019intervention"},"content":{"rendered":"\t\t<div data-elementor-type=\"wp-page\" data-elementor-id=\"1915\" class=\"elementor elementor-1915 elementor-622\" data-elementor-post-type=\"page\">\n\t\t\t\t<div class=\"elementor-element elementor-element-9d5e1ab e-con-full e-flex e-con e-parent\" data-id=\"9d5e1ab\" data-element_type=\"container\">\n\t\t<div class=\"elementor-element elementor-element-2e05c35 e-con-full e-flex e-con e-child\" data-id=\"2e05c35\" data-element_type=\"container\" data-aos=\"fade-right\">\n\t\t<div class=\"elementor-element elementor-element-61ee8fa e-con-full e-flex e-con e-child\" data-id=\"61ee8fa\" data-element_type=\"container\">\n\t\t\t\t<div class=\"elementor-element elementor-element-5b8e662 elementor-widget elementor-widget-heading\" data-id=\"5b8e662\" data-element_type=\"widget\" data-widget_type=\"heading.default\">\n\t\t\t\t<div class=\"elementor-widget-container\">\n\t\t\t\t\t<div class=\"elementor-heading-title elementor-size-default\">Portails<\/div>\t\t\t\t<\/div>\n\t\t\t\t<\/div>\n\t\t\t\t<div class=\"elementor-element elementor-element-00c7507 elementor-widget elementor-widget-heading\" data-id=\"00c7507\" data-element_type=\"widget\" data-widget_type=\"heading.default\">\n\t\t\t\t<div class=\"elementor-widget-container\">\n\t\t\t\t\t<h1 class=\"elementor-heading-title elementor-size-default\">Demande d\u2019intervention <\/h1>\t\t\t\t<\/div>\n\t\t\t\t<\/div>\n\t\t\t\t<\/div>\n\t\t\t\t<div class=\"elementor-element elementor-element-71b2e65 elementor-widget elementor-widget-text-editor\" data-id=\"71b2e65\" data-element_type=\"widget\" data-widget_type=\"text-editor.default\">\n\t\t\t\t<div class=\"elementor-widget-container\">\n\t\t\t\t\t\t\t\t\t<p>Vous souhaitez planifier un entretien de votre portail automatique ? Ou votre portail ne fonctionne plus correctement ? Dans ce cas, demandez rapidement une intervention en utilisant le formulaire ci-dessous.<\/p>\t\t\t\t\t\t\t\t<\/div>\n\t\t\t\t<\/div>\n\t\t\t\t<div class=\"elementor-element elementor-element-aaa7f95 elementor-widget elementor-widget-shortcode\" data-id=\"aaa7f95\" data-element_type=\"widget\" data-widget_type=\"shortcode.default\">\n\t\t\t\t<div class=\"elementor-widget-container\">\n\t\t\t\t\t\t\t<div class=\"elementor-shortcode\"><form id=\"forminator-module-1917\" class=\"forminator-custom-form forminator-custom-form-1917\" method=\"post\" data-forminator-render=\"0\" data-uid=\"69f631b132ca9\"><div role=\"alert\" aria-live=\"polite\" class=\"forminator-response-message forminator-error\" aria-hidden=\"true\"><\/div><\/form><\/div>\n\t\t\t\t\t\t<\/div>\n\t\t\t\t<\/div>\n\t\t\t\t<\/div>\n\t\t<div class=\"elementor-element elementor-element-2c166ab e-con-full e-flex e-con e-child\" data-id=\"2c166ab\" data-element_type=\"container\" data-settings=\"{&quot;background_background&quot;:&quot;classic&quot;}\" data-aos=\"fade-left\">\n\t\t\t\t<\/div>\n\t\t\t\t<\/div>\n\t\t<div class=\"elementor-element elementor-element-89a4298 e-con-full e-flex e-con e-parent\" data-id=\"89a4298\" data-element_type=\"container\" data-aos=\"fade-up\">\n\t\t\t\t<div class=\"elementor-element elementor-element-0a3451f elementor-widget elementor-widget-heading\" data-id=\"0a3451f\" data-element_type=\"widget\" data-widget_type=\"heading.default\">\n\t\t\t\t<div class=\"elementor-widget-container\">\n\t\t\t\t\t<h2 class=\"elementor-heading-title elementor-size-default\">Conditions g\u00e9n\u00e9rales <\/h2>\t\t\t\t<\/div>\n\t\t\t\t<\/div>\n\t\t\t\t<\/div>\n\t\t<div class=\"elementor-element elementor-element-0c30711 e-con-full e-flex e-con e-parent\" data-id=\"0c30711\" data-element_type=\"container\" data-aos=\"fade-up\">\n\t\t<div class=\"elementor-element elementor-element-488deb9 e-con-full e-flex e-con e-child\" data-id=\"488deb9\" data-element_type=\"container\">\n\t\t\t\t<div class=\"elementor-element elementor-element-0814ce9 elementor-widget elementor-widget-text-editor\" data-id=\"0814ce9\" data-element_type=\"widget\" data-widget_type=\"text-editor.default\">\n\t\t\t\t<div class=\"elementor-widget-container\">\n\t\t\t\t\t\t\t\t\t<p>Le prix d&rsquo;une intervention ou d&rsquo;un entretien pendant les heures de bureau (08h30- 17h) se compose des \u00e9l\u00e9ments suivants :<\/p><p><strong>&#8211; V\u00e9hicule et pr\u00e9paration : <\/strong><br \/>calcul\u00e9s par km \u00e0 \u20ac XX\/km, du d\u00e9part de l&rsquo;entrep\u00f4t \u00e0 1780 Wemmel jusqu&rsquo;\u00e0 l&rsquo;adresse de l&rsquo;intervention.<br \/><strong>&#8211; Temps de d\u00e9placement du technicien : <\/strong><br \/>calcul\u00e9 par heure \u00e0 XX \u20ac\/heure, \u00e0 partir du moment o\u00f9 le technicien part et arrive chez le client, ou de client \u00e0 client.<\/p>\t\t\t\t\t\t\t\t<\/div>\n\t\t\t\t<\/div>\n\t\t\t\t<\/div>\n\t\t<div class=\"elementor-element elementor-element-b74eede e-con-full e-flex e-con e-child\" data-id=\"b74eede\" data-element_type=\"container\">\n\t\t\t\t<div class=\"elementor-element elementor-element-a46ec23 elementor-widget elementor-widget-text-editor\" data-id=\"a46ec23\" data-element_type=\"widget\" data-widget_type=\"text-editor.default\">\n\t\t\t\t<div class=\"elementor-widget-container\">\n\t\t\t\t\t\t\t\t\t<p><strong>&#8211; Heures de travail du technicien : <\/strong><br \/>calcul\u00e9es par heure \u00e0 XX \u20ac\/h, le temps que le technicien passe sur place.<br \/><strong>&#8211; Mat\u00e9riaux : <\/strong><br \/>factur\u00e9s par article et au prix du jour.<\/p><p>Vous avez des questions ? N&rsquo;h\u00e9sitez pas \u00e0 nous contacter.<\/p>\t\t\t\t\t\t\t\t<\/div>\n\t\t\t\t<\/div>\n\t\t\t\t<\/div>\n\t\t\t\t<\/div>\n\t\t<div class=\"elementor-element elementor-element-d262637 e-con-full e-flex e-con e-parent\" data-id=\"d262637\" data-element_type=\"container\" data-aos=\"fade-up\">\n\t\t\t\t<div class=\"elementor-element elementor-element-565e678 elementor-widget elementor-widget-button\" data-id=\"565e678\" data-element_type=\"widget\" data-widget_type=\"button.default\">\n\t\t\t\t<div class=\"elementor-widget-container\">\n\t\t\t\t\t\t\t\t\t<div class=\"elementor-button-wrapper\">\n\t\t\t\t\t<a class=\"elementor-button elementor-button-link elementor-size-sm\" href=\"https:\/\/www.balcaengroup.be\/fr\/particulier\/portails\/\">\n\t\t\t\t\t\t<span class=\"elementor-button-content-wrapper\">\n\t\t\t\t\t\t\t\t\t<span class=\"elementor-button-text\">D\u00e9couvrez nos portails<\/span>\n\t\t\t\t\t<\/span>\n\t\t\t\t\t<\/a>\n\t\t\t\t<\/div>\n\t\t\t\t\t\t\t\t<\/div>\n\t\t\t\t<\/div>\n\t\t\t\t<\/div>\n\t\t<div class=\"elementor-element elementor-element-1a58fbf e-flex e-con-boxed e-con e-parent\" data-id=\"1a58fbf\" data-element_type=\"container\">\n\t\t\t\t\t<div class=\"e-con-inner\">\n\t\t\t\t\t<\/div>\n\t\t\t\t<\/div>\n\t\t\t\t<\/div>\n\t\t","protected":false},"excerpt":{"rendered":"<p>Portails Demande d\u2019intervention Vous souhaitez planifier un entretien de votre portail automatique ? Ou votre portail ne fonctionne plus correctement ? Dans ce cas, demandez rapidement une intervention en utilisant le formulaire ci-dessous. Conditions g\u00e9n\u00e9rales Le prix d&rsquo;une intervention ou d&rsquo;un entretien pendant les heures de bureau (08h30- 17h) se compose des \u00e9l\u00e9ments suivants : [&hellip;]<\/p>\n","protected":false},"author":1,"featured_media":0,"parent":1894,"menu_order":11,"comment_status":"closed","ping_status":"closed","template":"","meta":{"_acf_changed":false,"footnotes":""},"class_list":["post-1915","page","type-page","status-publish","hentry"],"acf":[],"_links":{"self":[{"href":"https:\/\/www.balcaengroup.be\/fr\/wp-json\/wp\/v2\/pages\/1915","targetHints":{"allow":["GET"]}}],"collection":[{"href":"https:\/\/www.balcaengroup.be\/fr\/wp-json\/wp\/v2\/pages"}],"about":[{"href":"https:\/\/www.balcaengroup.be\/fr\/wp-json\/wp\/v2\/types\/page"}],"author":[{"embeddable":true,"href":"https:\/\/www.balcaengroup.be\/fr\/wp-json\/wp\/v2\/users\/1"}],"replies":[{"embeddable":true,"href":"https:\/\/www.balcaengroup.be\/fr\/wp-json\/wp\/v2\/comments?post=1915"}],"version-history":[{"count":4,"href":"https:\/\/www.balcaengroup.be\/fr\/wp-json\/wp\/v2\/pages\/1915\/revisions"}],"predecessor-version":[{"id":1921,"href":"https:\/\/www.balcaengroup.be\/fr\/wp-json\/wp\/v2\/pages\/1915\/revisions\/1921"}],"up":[{"embeddable":true,"href":"https:\/\/www.balcaengroup.be\/fr\/wp-json\/wp\/v2\/pages\/1894"}],"wp:attachment":[{"href":"https:\/\/www.balcaengroup.be\/fr\/wp-json\/wp\/v2\/media?parent=1915"}],"curies":[{"name":"wp","href":"https:\/\/api.w.org\/{rel}","templated":true}]}}