{"id":1962,"date":"2024-05-07T10:31:04","date_gmt":"2024-05-07T08:31:04","guid":{"rendered":"https:\/\/www.balcaengroup.be\/particulier\/contact\/"},"modified":"2026-04-07T15:02:50","modified_gmt":"2026-04-07T13:02:50","slug":"contact","status":"publish","type":"page","link":"https:\/\/www.balcaengroup.be\/fr\/particulier\/contact\/","title":{"rendered":"Contact"},"content":{"rendered":"\t\t<div data-elementor-type=\"wp-page\" data-elementor-id=\"1962\" class=\"elementor elementor-1962 elementor-711\" data-elementor-post-type=\"page\">\n\t\t\t\t<div class=\"elementor-element elementor-element-9d5e1ab e-con-full e-flex e-con e-parent\" data-id=\"9d5e1ab\" data-element_type=\"container\">\n\t\t<div class=\"elementor-element elementor-element-2e05c35 e-con-full e-flex e-con e-child\" data-id=\"2e05c35\" data-element_type=\"container\" data-aos=\"fade-right\">\n\t\t<div class=\"elementor-element elementor-element-61ee8fa e-con-full e-flex e-con e-child\" data-id=\"61ee8fa\" data-element_type=\"container\">\n\t\t\t\t<div class=\"elementor-element elementor-element-5b8e662 elementor-widget elementor-widget-heading\" data-id=\"5b8e662\" data-element_type=\"widget\" data-widget_type=\"heading.default\">\n\t\t\t\t<div class=\"elementor-widget-container\">\n\t\t\t\t\t<h1 class=\"elementor-heading-title elementor-size-default\">Contactez-nous<\/h1>\t\t\t\t<\/div>\n\t\t\t\t<\/div>\n\t\t\t\t<\/div>\n\t\t\t\t<div class=\"elementor-element elementor-element-71b2e65 elementor-widget elementor-widget-text-editor\" data-id=\"71b2e65\" data-element_type=\"widget\" data-widget_type=\"text-editor.default\">\n\t\t\t\t<div class=\"elementor-widget-container\">\n\t\t\t\t\t\t\t\t\t<p>Vous souhaitez plus d&rsquo;informations ou vous voulez demander un devis ? Ou vous avez une question sp\u00e9cifique ? Contactez-nous \u00e0 l&rsquo;aide du formulaire ci-dessous afin que nous vous aidions \u00e0 cl\u00f4turer le dossier.<\/p>\t\t\t\t\t\t\t\t<\/div>\n\t\t\t\t<\/div>\n\t\t\t\t<div class=\"elementor-element elementor-element-aaa7f95 elementor-widget elementor-widget-shortcode\" data-id=\"aaa7f95\" data-element_type=\"widget\" data-widget_type=\"shortcode.default\">\n\t\t\t\t<div class=\"elementor-widget-container\">\n\t\t\t\t\t\t\t<div class=\"elementor-shortcode\"><div class=\"forminator-ui forminator-custom-form forminator-custom-form-1963 forminator-design--default forminator-enclosed forminator_ajax\" data-forminator-render=\"0\" data-form=\"forminator-module-1963\" data-uid=\"69f63186814cc\"><br\/><\/div><form\n\t\t\t\tid=\"forminator-module-1963\"\n\t\t\t\tclass=\"forminator-ui forminator-custom-form forminator-custom-form-1963 forminator-design--default forminator-enclosed forminator_ajax\"\n\t\t\t\tmethod=\"post\"\n\t\t\t\tdata-forminator-render=\"0\"\n\t\t\t\tdata-form-id=\"1963\"\n\t\t\t\t data-color-option=\"default\" data-design=\"default\" data-grid=\"enclosed\" style=\"display: none;\"\n\t\t\t\tdata-uid=\"69f63186814cc\"\n\t\t\t><div role=\"alert\" aria-live=\"polite\" class=\"forminator-response-message forminator-error\" aria-hidden=\"true\"><\/div><div class=\"forminator-row\"><div id=\"checkbox-1\" class=\"forminator-field-checkbox forminator-col forminator-col-12 \"><div role=\"group\" class=\"forminator-field required\" aria-labelledby=\"forminator-checkbox-group-forminator-field-checkbox-1-69f63186814cc-label\"><span id=\"forminator-checkbox-group-forminator-field-checkbox-1-69f63186814cc-label\" class=\"forminator-label\">Sujet <span class=\"forminator-required\">*<\/span><\/span><label id=\"forminator-field-checkbox-1-1-69f63186814cc-label\" for=\"forminator-field-checkbox-1-1-69f63186814cc\" class=\"forminator-checkbox forminator-checkbox-inline\" title=\"Rendez-vous\"><input type=\"checkbox\" name=\"checkbox-1[]\" value=\"Rendez-vous\" id=\"forminator-field-checkbox-1-1-69f63186814cc\" aria-labelledby=\"forminator-field-checkbox-1-1-69f63186814cc-label\" data-calculation=\"0\"   data-hidden-behavior=\"zero\"\/><span class=\"forminator-checkbox-box\" aria-hidden=\"true\"><\/span><span class=\"forminator-checkbox-label\">Rendez-vous<\/span><\/label><label id=\"forminator-field-checkbox-1-2-69f63186814cc-label\" for=\"forminator-field-checkbox-1-2-69f63186814cc\" class=\"forminator-checkbox forminator-checkbox-inline\" title=\"Demande de devis\"><input type=\"checkbox\" name=\"checkbox-1[]\" value=\"Demande de devis\" id=\"forminator-field-checkbox-1-2-69f63186814cc\" aria-labelledby=\"forminator-field-checkbox-1-2-69f63186814cc-label\" data-calculation=\"0\"   data-hidden-behavior=\"zero\"\/><span class=\"forminator-checkbox-box\" aria-hidden=\"true\"><\/span><span class=\"forminator-checkbox-label\">Demande de devis<\/span><\/label><label id=\"forminator-field-checkbox-1-3-69f63186814cc-label\" for=\"forminator-field-checkbox-1-3-69f63186814cc\" class=\"forminator-checkbox forminator-checkbox-inline\" title=\"Info\"><input type=\"checkbox\" name=\"checkbox-1[]\" value=\"Info\" id=\"forminator-field-checkbox-1-3-69f63186814cc\" aria-labelledby=\"forminator-field-checkbox-1-3-69f63186814cc-label\" data-calculation=\"0\"   data-hidden-behavior=\"zero\"\/><span class=\"forminator-checkbox-box\" aria-hidden=\"true\"><\/span><span class=\"forminator-checkbox-label\">Info<\/span><\/label><\/div><\/div><\/div><div class=\"forminator-row\"><div id=\"checkbox-2\" class=\"forminator-field-checkbox forminator-col forminator-col-12 \"><div role=\"group\" class=\"forminator-field\" aria-labelledby=\"forminator-checkbox-group-forminator-field-checkbox-2-69f63186814cc-label\"><span id=\"forminator-checkbox-group-forminator-field-checkbox-2-69f63186814cc-label\" class=\"forminator-label\">Demande de devis<\/span><label id=\"forminator-field-checkbox-2-1-69f63186814cc-label\" for=\"forminator-field-checkbox-2-1-69f63186814cc\" class=\"forminator-checkbox forminator-checkbox-inline\" title=\"Portails\"><input type=\"checkbox\" name=\"checkbox-2[]\" value=\"Portails\" id=\"forminator-field-checkbox-2-1-69f63186814cc\" aria-labelledby=\"forminator-field-checkbox-2-1-69f63186814cc-label\" data-calculation=\"0\"   data-hidden-behavior=\"zero\"\/><span class=\"forminator-checkbox-box\" aria-hidden=\"true\"><\/span><span class=\"forminator-checkbox-label\">Portails<\/span><\/label><label id=\"forminator-field-checkbox-2-2-69f63186814cc-label\" for=\"forminator-field-checkbox-2-2-69f63186814cc\" class=\"forminator-checkbox forminator-checkbox-inline\" title=\"Cl\u00f4tures\"><input type=\"checkbox\" name=\"checkbox-2[]\" value=\"Cl\u00f4tures\" id=\"forminator-field-checkbox-2-2-69f63186814cc\" aria-labelledby=\"forminator-field-checkbox-2-2-69f63186814cc-label\" data-calculation=\"0\"   data-hidden-behavior=\"zero\"\/><span class=\"forminator-checkbox-box\" aria-hidden=\"true\"><\/span><span class=\"forminator-checkbox-label\">Cl\u00f4tures<\/span><\/label><\/div><\/div><\/div><div class=\"forminator-row\"><div id=\"name-1\" class=\"forminator-field-name forminator-col forminator-col-12 \"><div class=\"forminator-row forminator-no-margin\" data-multiple=\"true\"><div class=\"forminator-col forminator-col-md-12\"><div class=\"forminator-field\"><label for=\"forminator-field-first-name-1_69f63186814cc\" id=\"forminator-field-first-name-1_69f63186814cc-label\" class=\"forminator-label\">Pr\u00e9nom <span class=\"forminator-required\">*<\/span><\/label><input type=\"text\" name=\"name-1-first-name\" placeholder=\"Pr\u00e9nom\" id=\"forminator-field-first-name-1_69f63186814cc\" class=\"forminator-input\" aria-required=\"true\" data-multi=\"1\" autocomplete=\"given-name\" value=\"\" \/><\/div><\/div><div class=\"forminator-col forminator-col-md-12\"><div class=\"forminator-field\"><label for=\"forminator-field-last-name-1_69f63186814cc\" id=\"forminator-field-last-name-1_69f63186814cc-label\" class=\"forminator-label\">Nom <span class=\"forminator-required\">*<\/span><\/label><input type=\"text\" name=\"name-1-last-name\" placeholder=\"Nom\" id=\"forminator-field-last-name-1_69f63186814cc\" class=\"forminator-input\" aria-required=\"true\" data-multi=\"1\" autocomplete=\"family-name\" value=\"\" \/><\/div><\/div><\/div><\/div><\/div><div class=\"forminator-row\"><div id=\"email-1\" class=\"forminator-field-email forminator-col forminator-col-6 \"><div class=\"forminator-field\"><label for=\"forminator-field-email-1_69f63186814cc\" id=\"forminator-field-email-1_69f63186814cc-label\" class=\"forminator-label\">Adresse e-mail <span class=\"forminator-required\">*<\/span><\/label><input type=\"email\" name=\"email-1\" value=\"\" placeholder=\"Adresse e-mail\" id=\"forminator-field-email-1_69f63186814cc\" class=\"forminator-input forminator-email--field\" data-required=\"true\" aria-required=\"true\" autocomplete=\"email\" \/><\/div><\/div><div id=\"phone-1\" class=\"forminator-field-phone forminator-col forminator-col-6 \"><div class=\"forminator-field\"><label for=\"forminator-field-phone-1_69f63186814cc\" id=\"forminator-field-phone-1_69f63186814cc-label\" class=\"forminator-label\">Num\u00e9ro de t\u00e9l\u00e9phone<\/label><input type=\"text\" name=\"phone-1\" value=\"\" placeholder=\"Num\u00e9ro de t\u00e9l\u00e9phone\" id=\"forminator-field-phone-1_69f63186814cc\" class=\"forminator-input forminator-field--phone\" data-required=\"\" aria-required=\"false\" autocomplete=\"off\" \/><\/div><\/div><\/div><div class=\"forminator-row\"><div id=\"address-1\" class=\"forminator-field-address forminator-col forminator-col-12 \"><div class=\"forminator-row\"><div id=\"address-1-street_address\" class=\"forminator-col\"><div class=\"forminator-field\"><label for=\"forminator-field-address-1-street_address_69f63186814cc\" id=\"forminator-field-address-1-street_address_69f63186814cc-label\" class=\"forminator-label\">Adresse <span class=\"forminator-required\">*<\/span><\/label><input type=\"text\" name=\"address-1-street_address\" placeholder=\"Adresse\" id=\"forminator-field-address-1-street_address_69f63186814cc\" class=\"forminator-input\" data-required=\"1\" aria-required=\"true\" autocomplete=\"address-line1\" value=\"\" \/><\/div><\/div><\/div><div class=\"forminator-row\" data-multiple=\"false\"><div id=\"address-1-city\" class=\"forminator-col forminator-col-12\"><div class=\"forminator-field\"><label for=\"forminator-field-address-1-city_69f63186814cc\" id=\"forminator-field-address-1-city_69f63186814cc-label\" class=\"forminator-label\">Ville<\/label><input type=\"text\" name=\"address-1-city\" placeholder=\"Ville\" id=\"forminator-field-address-1-city_69f63186814cc\" class=\"forminator-input\" data-required=\"\" aria-required=\"false\" autocomplete=\"address-level2\" value=\"\" \/><\/div><\/div><\/div><div class=\"forminator-row\" data-multiple=\"false\"><div id=\"address-1-zip\" class=\"forminator-col forminator-col-12\"><div class=\"forminator-field\"><label for=\"forminator-field-address-1-zip_69f63186814cc\" id=\"forminator-field-address-1-zip_69f63186814cc-label\" class=\"forminator-label\">Code postal<\/label><input type=\"text\" name=\"address-1-zip\" placeholder=\"Code postal\" id=\"forminator-field-address-1-zip_69f63186814cc\" class=\"forminator-input\" autocomplete=\"postal-code\" value=\"\" \/><\/div><\/div><\/div><\/div><\/div><div class=\"forminator-row\"><div id=\"textarea-1\" class=\"forminator-field-textarea forminator-col forminator-col-12 \"><div class=\"forminator-field\"><label for=\"forminator-field-textarea-1_69f63186814cc\" id=\"forminator-field-textarea-1_69f63186814cc-label\" class=\"forminator-label\">Message <span class=\"forminator-required\">*<\/span><\/label><textarea name=\"textarea-1\" placeholder=\"Message\" id=\"forminator-field-textarea-1_69f63186814cc\" class=\"forminator-textarea\" rows=\"6\" style=\"min-height:140px;\" ><\/textarea><\/div><\/div><\/div><div class=\"forminator-row\"><div id=\"captcha-1\" class=\"forminator-field-captcha forminator-col forminator-col-12 \"><div class=\"forminator-captcha-left forminator-g-recaptcha recaptcha-invisible\" data-theme=\"light\" data-badge=\"inline\" data-sitekey=\"6LdFQm8rAAAAAFnmMPOSWJ-S12vbPSeEmH0BWSVR\" data-size=\"invisible\"><\/div> <\/div><\/div><input type=\"hidden\" name=\"referer_url\" value=\"\" \/><div class=\"forminator-row forminator-row-last\"><div class=\"forminator-col\"><div class=\"forminator-field\"><button class=\"forminator-button forminator-button-submit\">Envoyer<\/button><\/div><\/div><\/div><input type=\"hidden\" id=\"forminator_nonce\" name=\"forminator_nonce\" value=\"f48790c288\" \/><input type=\"hidden\" name=\"_wp_http_referer\" value=\"\/fr\/wp-json\/wp\/v2\/pages\/1962\" \/><input type=\"hidden\" name=\"form_id\" value=\"1963\"><input type=\"hidden\" name=\"page_id\" value=\"1962\"><input type=\"hidden\" name=\"form_type\" value=\"default\"><input type=\"hidden\" name=\"current_url\" value=\"https:\/\/www.balcaengroup.be\/fr\/particulier\/contact\/\"><input type=\"hidden\" name=\"render_id\" value=\"0\"><input type=\"hidden\" name=\"action\" value=\"forminator_submit_form_custom-forms\"><label for=\"input_8\" class=\"forminator-hidden\" aria-hidden=\"true\">Veuillez ne pas remplir ce champ. <input id=\"input_8\" type=\"text\" name=\"input_8\" value=\"\" autocomplete=\"off\"><\/label><\/form><\/div>\n\t\t\t\t\t\t<\/div>\n\t\t\t\t<\/div>\n\t\t\t\t<\/div>\n\t\t<div class=\"elementor-element elementor-element-2c166ab e-con-full e-flex e-con e-child\" data-id=\"2c166ab\" data-element_type=\"container\" data-settings=\"{&quot;background_background&quot;:&quot;classic&quot;}\" data-aos=\"fade-left\">\n\t\t\t\t<\/div>\n\t\t\t\t<\/div>\n\t\t<div class=\"elementor-element elementor-element-0c30711 e-con-full e-flex e-con e-parent\" data-id=\"0c30711\" data-element_type=\"container\" data-aos=\"fade-up\">\n\t\t<div class=\"elementor-element elementor-element-488deb9 e-con-full e-flex e-con e-child\" data-id=\"488deb9\" data-element_type=\"container\">\n\t\t\t\t<div class=\"elementor-element elementor-element-6ba2b4a elementor-widget elementor-widget-heading\" data-id=\"6ba2b4a\" data-element_type=\"widget\" data-widget_type=\"heading.default\">\n\t\t\t\t<div class=\"elementor-widget-container\">\n\t\t\t\t\t<div class=\"elementor-heading-title elementor-size-default\">Balcaen &amp; Cie NV<\/div>\t\t\t\t<\/div>\n\t\t\t\t<\/div>\n\t\t\t\t<div class=\"elementor-element elementor-element-a30e6c5 elementor-widget elementor-widget-text-editor\" data-id=\"a30e6c5\" data-element_type=\"widget\" data-widget_type=\"text-editor.default\">\n\t\t\t\t<div class=\"elementor-widget-container\">\n\t\t\t\t\t\t\t\t\t<p><a href=\"tel:02 460 44 35\">02 460 44 35<\/a><br \/><a href=\"mailto:info@balcaengroup.be\">info@balcaengroup.be<\/a><br \/><a href=\"https:\/\/maps.app.goo.gl\/1PBizVc8Na1Exjuk7\" target=\"_blank\" rel=\"noopener\">Tennisdreef 19 &#8211; 1780 Wemmel<\/a><\/p>\t\t\t\t\t\t\t\t<\/div>\n\t\t\t\t<\/div>\n\t\t\t\t<\/div>\n\t\t<div class=\"elementor-element elementor-element-b74eede e-con-full e-flex e-con e-child\" data-id=\"b74eede\" data-element_type=\"container\">\n\t\t\t\t<div class=\"elementor-element elementor-element-3d69cc6 elementor-widget elementor-widget-heading\" data-id=\"3d69cc6\" data-element_type=\"widget\" data-widget_type=\"heading.default\">\n\t\t\t\t<div class=\"elementor-widget-container\">\n\t\t\t\t\t<div class=\"elementor-heading-title elementor-size-default\">Heures d 'ouverture:<\/div>\t\t\t\t<\/div>\n\t\t\t\t<\/div>\n\t\t\t\t<div class=\"elementor-element elementor-element-6e0bb76 elementor-widget elementor-widget-text-editor\" data-id=\"6e0bb76\" data-element_type=\"widget\" data-widget_type=\"text-editor.default\">\n\t\t\t\t<div class=\"elementor-widget-container\">\n\t\t\t\t\t\t\t\t\tJoignable par t\u00e9l\u00e9phone :\n<table>\n<tbody>\n<tr>\n<td>Lundi au vendredi<\/td>\n<td>8h00 &#8211; 18h00<\/td>\n<\/tr>\n<\/tbody>\n<\/table>\nEntrep\u00f4t sur rendez-vous :\n<table>\n<tbody>\n<tr>\n<td>Vendredi<\/td>\n<td>8h30 &#8211; 17h00<\/td>\n<\/tr>\n<\/tbody>\n<\/table>\nEnl\u00e8vements de mat\u00e9riel :\n<table>\n<tbody>\n<tr>\n<td>Vendredi<\/td>\n<td>8h30 &#8211; 17h00<\/td>\n<\/tr>\n<\/tbody>\n<\/table>\t\t\t\t\t\t\t\t<\/div>\n\t\t\t\t<\/div>\n\t\t\t\t<\/div>\n\t\t\t\t<\/div>\n\t\t<div class=\"elementor-element elementor-element-d262637 e-con-full e-flex e-con e-parent\" data-id=\"d262637\" data-element_type=\"container\" data-aos=\"fade-up\">\n\t\t\t\t<div class=\"elementor-element elementor-element-128ab27 elementor-widget elementor-widget-google_maps\" data-id=\"128ab27\" data-element_type=\"widget\" data-widget_type=\"google_maps.default\">\n\t\t\t\t<div class=\"elementor-widget-container\">\n\t\t\t\t\t\t\t<div class=\"elementor-custom-embed\">\n\t\t\t<iframe loading=\"lazy\"\n\t\t\t\t\tsrc=\"https:\/\/maps.google.com\/maps?q=Balcaen%20%26%20Cie%20NV&#038;t=m&#038;z=12&#038;output=embed&#038;iwloc=near\"\n\t\t\t\t\ttitle=\"Balcaen &amp; Cie NV\"\n\t\t\t\t\taria-label=\"Balcaen &amp; Cie NV\"\n\t\t\t><\/iframe>\n\t\t<\/div>\n\t\t\t\t\t\t<\/div>\n\t\t\t\t<\/div>\n\t\t\t\t<\/div>\n\t\t<div class=\"elementor-element elementor-element-4c05250 e-con-full e-flex e-con e-parent\" data-id=\"4c05250\" data-element_type=\"container\" data-aos=\"fade-up\">\n\t\t\t\t<\/div>\n\t\t<div class=\"elementor-element elementor-element-1a58fbf e-flex e-con-boxed e-con e-parent\" data-id=\"1a58fbf\" data-element_type=\"container\">\n\t\t\t\t\t<div class=\"e-con-inner\">\n\t\t\t\t\t<\/div>\n\t\t\t\t<\/div>\n\t\t\t\t<\/div>\n\t\t","protected":false},"excerpt":{"rendered":"<p>Contactez-nous Vous souhaitez plus d&rsquo;informations ou vous voulez demander un devis ? Ou vous avez une question sp\u00e9cifique ? Contactez-nous \u00e0 l&rsquo;aide du formulaire ci-dessous afin que nous vous aidions \u00e0 cl\u00f4turer le dossier. Balcaen &amp; Cie NV 02 460 44 35info@balcaengroup.beTennisdreef 19 &#8211; 1780 Wemmel Heures d &lsquo;ouverture: Joignable par t\u00e9l\u00e9phone : Lundi au [&hellip;]<\/p>\n","protected":false},"author":1,"featured_media":0,"parent":1839,"menu_order":18,"comment_status":"closed","ping_status":"closed","template":"","meta":{"_acf_changed":false,"footnotes":""},"class_list":["post-1962","page","type-page","status-publish","hentry"],"acf":[],"_links":{"self":[{"href":"https:\/\/www.balcaengroup.be\/fr\/wp-json\/wp\/v2\/pages\/1962","targetHints":{"allow":["GET"]}}],"collection":[{"href":"https:\/\/www.balcaengroup.be\/fr\/wp-json\/wp\/v2\/pages"}],"about":[{"href":"https:\/\/www.balcaengroup.be\/fr\/wp-json\/wp\/v2\/types\/page"}],"author":[{"embeddable":true,"href":"https:\/\/www.balcaengroup.be\/fr\/wp-json\/wp\/v2\/users\/1"}],"replies":[{"embeddable":true,"href":"https:\/\/www.balcaengroup.be\/fr\/wp-json\/wp\/v2\/comments?post=1962"}],"version-history":[{"count":9,"href":"https:\/\/www.balcaengroup.be\/fr\/wp-json\/wp\/v2\/pages\/1962\/revisions"}],"predecessor-version":[{"id":2452,"href":"https:\/\/www.balcaengroup.be\/fr\/wp-json\/wp\/v2\/pages\/1962\/revisions\/2452"}],"up":[{"embeddable":true,"href":"https:\/\/www.balcaengroup.be\/fr\/wp-json\/wp\/v2\/pages\/1839"}],"wp:attachment":[{"href":"https:\/\/www.balcaengroup.be\/fr\/wp-json\/wp\/v2\/media?parent=1962"}],"curies":[{"name":"wp","href":"https:\/\/api.w.org\/{rel}","templated":true}]}}