{"id":1982,"date":"2024-04-29T10:32:13","date_gmt":"2024-04-29T08:32:13","guid":{"rendered":"https:\/\/www.balcaengroup.be\/privacybeleid\/"},"modified":"2024-05-28T10:52:22","modified_gmt":"2024-05-28T08:52:22","slug":"politique-de-confidentialite","status":"publish","type":"page","link":"https:\/\/www.balcaengroup.be\/fr\/politique-de-confidentialite\/","title":{"rendered":"Politique de confidentialit\u00e9"},"content":{"rendered":"\t\t<div data-elementor-type=\"wp-page\" data-elementor-id=\"1982\" class=\"elementor elementor-1982 elementor-3\" data-elementor-post-type=\"page\">\n\t\t\t\t<div class=\"elementor-element elementor-element-43359fde e-con-full e-flex e-con e-parent\" data-id=\"43359fde\" data-element_type=\"container\" data-aos=\"fade-up\">\n\t\t\t\t<div class=\"elementor-element elementor-element-bf27818 elementor-widget elementor-widget-heading\" data-id=\"bf27818\" data-element_type=\"widget\" data-widget_type=\"heading.default\">\n\t\t\t\t<div class=\"elementor-widget-container\">\n\t\t\t\t\t<h1 class=\"elementor-heading-title elementor-size-default\">Politique de confidentialit\u00e9<\/h1>\t\t\t\t<\/div>\n\t\t\t\t<\/div>\n\t\t\t\t<div class=\"elementor-element elementor-element-18db1a5 elementor-widget elementor-widget-text-editor\" data-id=\"18db1a5\" data-element_type=\"widget\" data-widget_type=\"text-editor.default\">\n\t\t\t\t<div class=\"elementor-widget-container\">\n\t\t\t\t\t\t\t\t\t<p>Balcaen &amp; Cie NV respecte la l\u00e9gislation europ\u00e9enne GDPR du 25 mai 2018 relative \u00e0 la protection de la vie priv\u00e9e dans le traitement des donn\u00e9es \u00e0 caract\u00e8re personnel. Dans notre politique de confidentialit\u00e9, nous clarifions quelles donn\u00e9es sont collect\u00e9es et quelles donn\u00e9es sont utilis\u00e9es par nous.<\/p><p>Notre politique de confidentialit\u00e9 s&rsquo;applique \u00e0 tous les services fournis par Balcaen &amp; Cie NV et non par des tiers. En utilisant notre site web www.balcaenfencing.be, vous acceptez notre politique de confidentialit\u00e9.<\/p><p><strong>E-mail &#8211; Contact<\/strong><\/p><p>Lorsque vous nous envoyez des courriers \u00e9lectroniques ou d&rsquo;autres messages, nous pouvons stocker ces messages. Ces donn\u00e9es personnelles sont stock\u00e9es sur notre serveur s\u00e9curis\u00e9. Ces donn\u00e9es personnelles ne sont pas communiqu\u00e9es \u00e0 des tiers et\/ou utilis\u00e9es \u00e0 des fins autres que l&rsquo;ex\u00e9cution de nos services.<\/p><p><strong>Cookies<\/strong><\/p><p>Notre site web www.balcaenfencing.be utilise des \u00ab cookies de premi\u00e8re partie \u00bb pour nous aider \u00e0 analyser la fa\u00e7on dont les utilisateurs utilisent le site. Les informations g\u00e9n\u00e9r\u00e9es par les cookies concernant votre utilisation du site sont stock\u00e9es sur notre serveur s\u00e9curis\u00e9. Ces donn\u00e9es personnelles ne sont pas fournies \u00e0 des tiers et\/ou utilis\u00e9es \u00e0 des fins autres que l&rsquo;ex\u00e9cution de nos services. Vous pouvez choisir d&rsquo;accepter ou non les cookies. Certaines fonctions et certains services de notre site web peuvent ne pas fonctionner correctement si les cookies sont d\u00e9sactiv\u00e9s dans votre navigateur.<\/p><p><strong>Objectifs<\/strong><\/p><p>Balcaen &amp; Cie NV collecte et utilise les donn\u00e9es personnelles uniquement pour la gestion des clients et des fournisseurs (y compris l&rsquo;administration des clients, la planification des travaux, les devis, la facturation, les informations techniques et commerciales).<\/p><p><strong>Tiers<\/strong><\/p><p>Les informations sont uniquement stock\u00e9es sur notre propre serveur et ne sont pas partag\u00e9es avec des tiers.<\/p><p><strong>Modifications<\/strong><\/p><p>Cette politique de confidentialit\u00e9 est adapt\u00e9e \u00e0 l&rsquo;utilisation et aux fonctionnalit\u00e9s de notre site web www.balcaenfencing.be. Toute mise \u00e0 jour et\/ou modification de notre site peut entra\u00eener des changements dans notre politique de confidentialit\u00e9. La version la plus r\u00e9cente de notre politique de confidentialit\u00e9 est toujours disponible sur notre site web. Nous vous recommandons donc de consulter r\u00e9guli\u00e8rement cette politique de confidentialit\u00e9.<\/p><p><strong>Donn\u00e9es personnelles<\/strong><\/p><p>Les donn\u00e9es \u00e0 caract\u00e8re personnel (nom, courriel, adresse, num\u00e9ro de t\u00e9l\u00e9phone) seront trait\u00e9es sur la base du consentement si vous utilisez notre formulaire de contact.<\/p><p>Si vous \u00eates un client, nous traiterons vos donn\u00e9es personnelles (nom, courriel, adresse, num\u00e9ro de t\u00e9l\u00e9phone, caract\u00e9ristiques de la propri\u00e9t\u00e9, num\u00e9ro de compte) sur la base d&rsquo;un accord contractuel.<\/p><p>Les clients ont le droit d&rsquo;acc\u00e9der \u00e0 tout moment \u00e0 leurs donn\u00e9es personnelles et peuvent les corriger (ou les faire corriger) si elles sont incorrectes ou incompl\u00e8tes, les faire effacer, faire restreindre leur traitement et s&rsquo;opposer au traitement des donn\u00e9es personnelles les concernant. En outre, le client a le droit d&rsquo;obtenir une copie (dans un format structur\u00e9, courant et lisible par machine) de ses donn\u00e9es \u00e0 caract\u00e8re personnel.<\/p><p>Pour exercer les droits susmentionn\u00e9s, le client est pri\u00e9 d&rsquo;envoyer un courrier \u00e9lectronique \u00e0 l&rsquo;adresse suivante : info@balcaenfencing.be.<\/p><p><strong>D\u00e9sactivation des cookies<\/strong><\/p><p>La plupart des navigateurs sont configur\u00e9s pour accepter les cookies par d\u00e9faut, mais vous pouvez r\u00e9initialiser votre navigateur pour qu&rsquo;il refuse tous les cookies ou pour qu&rsquo;il indique quand un cookie est envoy\u00e9. Toutefois, certaines fonctionnalit\u00e9s et certains services, sur notre site et sur d&rsquo;autres sites, peuvent ne pas fonctionner correctement si les cookies sont d\u00e9sactiv\u00e9s dans votre navigateur.<\/p><p><strong>Questions et commentaires<\/strong><\/p><p>Balcaen &amp; Cie NV &#8211; Tennisdreef 19 &#8211; 1780 Wemmel &#8211; Tel : 02 460 44 35 &#8211; info@balcaenfencing.be<\/p><p><strong>R\u00e9clamation<\/strong><\/p><p>Le client a le droit d&rsquo;introduire une plainte aupr\u00e8s de la Commission de la protection de la vie priv\u00e9e (Rue du Printing Press 35, 1000 Bruxelles &#8211; commission@privacycommission.be).<\/p>\t\t\t\t\t\t\t\t<\/div>\n\t\t\t\t<\/div>\n\t\t\t\t<\/div>\n\t\t<div class=\"elementor-element elementor-element-f655358 e-flex e-con-boxed e-con e-parent\" data-id=\"f655358\" data-element_type=\"container\">\n\t\t\t\t\t<div class=\"e-con-inner\">\n\t\t\t\t\t<\/div>\n\t\t\t\t<\/div>\n\t\t\t\t<\/div>\n\t\t","protected":false},"excerpt":{"rendered":"<p>Balcaen &amp; Cie NV respecte la l\u00e9gislation europ\u00e9enne GDPR du 25 mai 2018 relative \u00e0 la protection de la vie priv\u00e9e dans le traitement des donn\u00e9es \u00e0 caract\u00e8re personnel. Dans notre politique de confidentialit\u00e9, nous clarifions quelles donn\u00e9es sont collect\u00e9es et quelles donn\u00e9es sont utilis\u00e9es par nous. Notre politique de confidentialit\u00e9 s&rsquo;applique \u00e0 tous les [&hellip;]<\/p>\n","protected":false},"author":1,"featured_media":0,"parent":0,"menu_order":36,"comment_status":"closed","ping_status":"closed","template":"","meta":{"_acf_changed":false,"footnotes":""},"class_list":["post-1982","page","type-page","status-publish","hentry"],"acf":[],"_links":{"self":[{"href":"https:\/\/www.balcaengroup.be\/fr\/wp-json\/wp\/v2\/pages\/1982","targetHints":{"allow":["GET"]}}],"collection":[{"href":"https:\/\/www.balcaengroup.be\/fr\/wp-json\/wp\/v2\/pages"}],"about":[{"href":"https:\/\/www.balcaengroup.be\/fr\/wp-json\/wp\/v2\/types\/page"}],"author":[{"embeddable":true,"href":"https:\/\/www.balcaengroup.be\/fr\/wp-json\/wp\/v2\/users\/1"}],"replies":[{"embeddable":true,"href":"https:\/\/www.balcaengroup.be\/fr\/wp-json\/wp\/v2\/comments?post=1982"}],"version-history":[{"count":4,"href":"https:\/\/www.balcaengroup.be\/fr\/wp-json\/wp\/v2\/pages\/1982\/revisions"}],"predecessor-version":[{"id":1987,"href":"https:\/\/www.balcaengroup.be\/fr\/wp-json\/wp\/v2\/pages\/1982\/revisions\/1987"}],"wp:attachment":[{"href":"https:\/\/www.balcaengroup.be\/fr\/wp-json\/wp\/v2\/media?parent=1982"}],"curies":[{"name":"wp","href":"https:\/\/api.w.org\/{rel}","templated":true}]}}