{"id":2070,"date":"2024-05-21T12:16:56","date_gmt":"2024-05-21T10:16:56","guid":{"rendered":"https:\/\/www.balcaengroup.be\/professionnel\/hekwerk\/"},"modified":"2024-06-04T09:54:47","modified_gmt":"2024-06-04T07:54:47","slug":"clotures","status":"publish","type":"page","link":"https:\/\/www.balcaengroup.be\/fr\/professionnel\/clotures\/","title":{"rendered":"Cl\u00f4tures"},"content":{"rendered":"\t\t<div data-elementor-type=\"wp-page\" data-elementor-id=\"2070\" class=\"elementor elementor-2070 elementor-1412\" data-elementor-post-type=\"page\">\n\t\t\t\t<div class=\"elementor-element elementor-element-e755f63 e-con-full e-flex e-con e-parent\" data-id=\"e755f63\" data-element_type=\"container\">\n\t\t<div class=\"elementor-element elementor-element-302207c e-con-full e-flex e-con e-child\" data-id=\"302207c\" data-element_type=\"container\" data-aos=\"fade-right\">\n\t\t\t\t<div class=\"elementor-element elementor-element-e634846 img-skew-left elementor-widget__width-initial elementor-widget elementor-widget-image\" data-id=\"e634846\" data-element_type=\"widget\" data-widget_type=\"image.default\">\n\t\t\t\t<div class=\"elementor-widget-container\">\n\t\t\t\t\t\t\t\t\t\t\t\t\t\t\t<img fetchpriority=\"high\" decoding=\"async\" width=\"1800\" height=\"1350\" src=\"https:\/\/www.balcaengroup.be\/wp-content\/uploads\/2024\/05\/particulier-afsluitingen01.jpg\" class=\"attachment-full size-full wp-image-1733\" alt=\"\" srcset=\"https:\/\/www.balcaengroup.be\/wp-content\/uploads\/2024\/05\/particulier-afsluitingen01.jpg 1800w, https:\/\/www.balcaengroup.be\/wp-content\/uploads\/2024\/05\/particulier-afsluitingen01-300x225.jpg 300w, https:\/\/www.balcaengroup.be\/wp-content\/uploads\/2024\/05\/particulier-afsluitingen01-1024x768.jpg 1024w, https:\/\/www.balcaengroup.be\/wp-content\/uploads\/2024\/05\/particulier-afsluitingen01-768x576.jpg 768w, https:\/\/www.balcaengroup.be\/wp-content\/uploads\/2024\/05\/particulier-afsluitingen01-1536x1152.jpg 1536w\" sizes=\"(max-width: 1800px) 100vw, 1800px\" \/>\t\t\t\t\t\t\t\t\t\t\t\t\t\t\t<\/div>\n\t\t\t\t<\/div>\n\t\t\t\t<div class=\"elementor-element elementor-element-77d0a14 img-skew-left elementor-widget elementor-widget-image\" data-id=\"77d0a14\" data-element_type=\"widget\" data-widget_type=\"image.default\">\n\t\t\t\t<div class=\"elementor-widget-container\">\n\t\t\t\t\t\t\t\t\t\t\t\t\t\t\t<img decoding=\"async\" width=\"900\" height=\"675\" src=\"https:\/\/www.balcaengroup.be\/wp-content\/uploads\/2024\/05\/particulier-afsluitingen02.jpg\" class=\"attachment-full size-full wp-image-1734\" alt=\"\" srcset=\"https:\/\/www.balcaengroup.be\/wp-content\/uploads\/2024\/05\/particulier-afsluitingen02.jpg 900w, https:\/\/www.balcaengroup.be\/wp-content\/uploads\/2024\/05\/particulier-afsluitingen02-300x225.jpg 300w, https:\/\/www.balcaengroup.be\/wp-content\/uploads\/2024\/05\/particulier-afsluitingen02-768x576.jpg 768w\" sizes=\"(max-width: 900px) 100vw, 900px\" \/>\t\t\t\t\t\t\t\t\t\t\t\t\t\t\t<\/div>\n\t\t\t\t<\/div>\n\t\t\t\t<\/div>\n\t\t<div class=\"elementor-element elementor-element-46a51da e-con-full e-flex e-con e-child\" data-id=\"46a51da\" data-element_type=\"container\" data-aos=\"fade-left\">\n\t\t\t\t<div class=\"elementor-element elementor-element-dc692fd elementor-widget elementor-widget-heading\" data-id=\"dc692fd\" data-element_type=\"widget\" data-widget_type=\"heading.default\">\n\t\t\t\t<div class=\"elementor-widget-container\">\n\t\t\t\t\t<h1 class=\"elementor-heading-title elementor-size-default\">Cl\u00f4tures<\/h1>\t\t\t\t<\/div>\n\t\t\t\t<\/div>\n\t\t\t\t<div class=\"elementor-element elementor-element-b866684 elementor-widget elementor-widget-text-editor\" data-id=\"b866684\" data-element_type=\"widget\" data-widget_type=\"text-editor.default\">\n\t\t\t\t<div class=\"elementor-widget-container\">\n\t\t\t\t\t\t\t\t\t<p>Les cl\u00f4tures solides ne garantissent pas seulement l&rsquo;intimit\u00e9, mais aussi la s\u00e9curit\u00e9. La s\u00e9curit\u00e9 de votre personnel, de vos biens et de vos sites. Nous disposons d&rsquo;une vaste gamme de panneaux rigides ou de grillages flexibles sur lesquels vous pouvez compter.<\/p>\t\t\t\t\t\t\t\t<\/div>\n\t\t\t\t<\/div>\n\t\t<div class=\"elementor-element elementor-element-a39dc16 e-con-full e-flex e-con e-child\" data-id=\"a39dc16\" data-element_type=\"container\">\n\t\t\t\t<div class=\"elementor-element elementor-element-8123b3e elementor-widget elementor-widget-button\" data-id=\"8123b3e\" data-element_type=\"widget\" data-widget_type=\"button.default\">\n\t\t\t\t<div class=\"elementor-widget-container\">\n\t\t\t\t\t\t\t\t\t<div class=\"elementor-button-wrapper\">\n\t\t\t\t\t<a class=\"elementor-button elementor-button-link elementor-size-sm\" href=\"https:\/\/www.balcaengroup.be\/fr\/professionnel\/clotures\/panneaux-rigides\/\">\n\t\t\t\t\t\t<span class=\"elementor-button-content-wrapper\">\n\t\t\t\t\t\t\t\t\t<span class=\"elementor-button-text\">Panneaux rigides<\/span>\n\t\t\t\t\t<\/span>\n\t\t\t\t\t<\/a>\n\t\t\t\t<\/div>\n\t\t\t\t\t\t\t\t<\/div>\n\t\t\t\t<\/div>\n\t\t\t\t<div class=\"elementor-element elementor-element-ba26ef3 elementor-widget elementor-widget-button\" data-id=\"ba26ef3\" data-element_type=\"widget\" data-widget_type=\"button.default\">\n\t\t\t\t<div class=\"elementor-widget-container\">\n\t\t\t\t\t\t\t\t\t<div class=\"elementor-button-wrapper\">\n\t\t\t\t\t<a class=\"elementor-button elementor-button-link elementor-size-sm\" href=\"https:\/\/www.balcaengroup.be\/fr\/professionnel\/clotures\/grillages-flexibles\/\">\n\t\t\t\t\t\t<span class=\"elementor-button-content-wrapper\">\n\t\t\t\t\t\t\t\t\t<span class=\"elementor-button-text\">Grillages flexibles<\/span>\n\t\t\t\t\t<\/span>\n\t\t\t\t\t<\/a>\n\t\t\t\t<\/div>\n\t\t\t\t\t\t\t\t<\/div>\n\t\t\t\t<\/div>\n\t\t\t\t<\/div>\n\t\t\t\t<\/div>\n\t\t\t\t<\/div>\n\t\t<div class=\"elementor-element elementor-element-b311cda e-flex e-con-boxed e-con e-parent\" data-id=\"b311cda\" data-element_type=\"container\">\n\t\t\t\t\t<div class=\"e-con-inner\">\n\t\t\t\t\t<\/div>\n\t\t\t\t<\/div>\n\t\t\t\t<\/div>\n\t\t","protected":false},"excerpt":{"rendered":"<p>Cl\u00f4tures Les cl\u00f4tures solides ne garantissent pas seulement l&rsquo;intimit\u00e9, mais aussi la s\u00e9curit\u00e9. La s\u00e9curit\u00e9 de votre personnel, de vos biens et de vos sites. Nous disposons d&rsquo;une vaste gamme de panneaux rigides ou de grillages flexibles sur lesquels vous pouvez compter. Panneaux rigides Grillages flexibles<\/p>\n","protected":false},"author":1,"featured_media":0,"parent":1840,"menu_order":22,"comment_status":"closed","ping_status":"closed","template":"professioneel.php","meta":{"_acf_changed":false,"footnotes":""},"class_list":["post-2070","page","type-page","status-publish","hentry"],"acf":[],"_links":{"self":[{"href":"https:\/\/www.balcaengroup.be\/fr\/wp-json\/wp\/v2\/pages\/2070","targetHints":{"allow":["GET"]}}],"collection":[{"href":"https:\/\/www.balcaengroup.be\/fr\/wp-json\/wp\/v2\/pages"}],"about":[{"href":"https:\/\/www.balcaengroup.be\/fr\/wp-json\/wp\/v2\/types\/page"}],"author":[{"embeddable":true,"href":"https:\/\/www.balcaengroup.be\/fr\/wp-json\/wp\/v2\/users\/1"}],"replies":[{"embeddable":true,"href":"https:\/\/www.balcaengroup.be\/fr\/wp-json\/wp\/v2\/comments?post=2070"}],"version-history":[{"count":5,"href":"https:\/\/www.balcaengroup.be\/fr\/wp-json\/wp\/v2\/pages\/2070\/revisions"}],"predecessor-version":[{"id":2184,"href":"https:\/\/www.balcaengroup.be\/fr\/wp-json\/wp\/v2\/pages\/2070\/revisions\/2184"}],"up":[{"embeddable":true,"href":"https:\/\/www.balcaengroup.be\/fr\/wp-json\/wp\/v2\/pages\/1840"}],"wp:attachment":[{"href":"https:\/\/www.balcaengroup.be\/fr\/wp-json\/wp\/v2\/media?parent=2070"}],"curies":[{"name":"wp","href":"https:\/\/api.w.org\/{rel}","templated":true}]}}