{"id":2094,"date":"2024-05-21T13:16:09","date_gmt":"2024-05-21T11:16:09","guid":{"rendered":"https:\/\/www.balcaengroup.be\/professionnel\/portails\/speedgates\/"},"modified":"2024-06-04T09:57:28","modified_gmt":"2024-06-04T07:57:28","slug":"speedgates","status":"publish","type":"page","link":"https:\/\/www.balcaengroup.be\/fr\/professionnel\/portails\/speedgates\/","title":{"rendered":"Speedgates"},"content":{"rendered":"\t\t<div data-elementor-type=\"wp-page\" data-elementor-id=\"2094\" class=\"elementor elementor-2094 elementor-1466\" data-elementor-post-type=\"page\">\n\t\t\t\t<div class=\"elementor-element elementor-element-5cd40e2 e-flex e-con-boxed e-con e-parent\" data-id=\"5cd40e2\" data-element_type=\"container\">\n\t\t\t\t\t<div class=\"e-con-inner\">\n\t\t\t\t<div class=\"elementor-element elementor-element-7e5a94e elementor-widget elementor-widget-image\" data-id=\"7e5a94e\" data-element_type=\"widget\" data-aos=\"fade-left\" data-widget_type=\"image.default\">\n\t\t\t\t<div class=\"elementor-widget-container\">\n\t\t\t\t\t\t\t\t\t\t\t\t\t\t\t<img fetchpriority=\"high\" decoding=\"async\" width=\"342\" height=\"190\" src=\"https:\/\/www.balcaengroup.be\/wp-content\/uploads\/2024\/05\/triangle-professioneel-03.svg\" class=\"attachment-full size-full wp-image-1774\" alt=\"\" \/>\t\t\t\t\t\t\t\t\t\t\t\t\t\t\t<\/div>\n\t\t\t\t<\/div>\n\t\t\t\t\t<\/div>\n\t\t\t\t<\/div>\n\t\t<div class=\"elementor-element elementor-element-d258f79 e-con-full e-flex e-con e-parent\" data-id=\"d258f79\" data-element_type=\"container\">\n\t\t<div class=\"elementor-element elementor-element-3e4e071 e-con-full e-flex e-con e-child\" data-id=\"3e4e071\" data-element_type=\"container\" data-aos=\"fade-right\">\n\t\t<div class=\"elementor-element elementor-element-71ff2eb e-con-full e-flex e-con e-child\" data-id=\"71ff2eb\" data-element_type=\"container\">\n\t\t\t\t<div class=\"elementor-element elementor-element-f411be0 elementor-widget elementor-widget-heading\" data-id=\"f411be0\" data-element_type=\"widget\" data-widget_type=\"heading.default\">\n\t\t\t\t<div class=\"elementor-widget-container\">\n\t\t\t\t\t<div class=\"elementor-heading-title elementor-size-default\">Portails<\/div>\t\t\t\t<\/div>\n\t\t\t\t<\/div>\n\t\t\t\t<div class=\"elementor-element elementor-element-a96ba28 elementor-widget elementor-widget-heading\" data-id=\"a96ba28\" data-element_type=\"widget\" data-widget_type=\"heading.default\">\n\t\t\t\t<div class=\"elementor-widget-container\">\n\t\t\t\t\t<h1 class=\"elementor-heading-title elementor-size-default\">Speedgates<\/h1>\t\t\t\t<\/div>\n\t\t\t\t<\/div>\n\t\t\t\t<\/div>\n\t\t\t\t<div class=\"elementor-element elementor-element-6c106bf elementor-widget elementor-widget-text-editor\" data-id=\"6c106bf\" data-element_type=\"widget\" data-widget_type=\"text-editor.default\">\n\t\t\t\t<div class=\"elementor-widget-container\">\n\t\t\t\t\t\t\t\t\t<p>Vous souhaitez s\u00e9curiser efficacement et facilement votre site commercial ou votre parking ? Avec les speedgates, c&rsquo;est possible en un rien de temps. Ce type de cl\u00f4ture se replie en quelques secondes, ce qui en fait une solution de s\u00e9curit\u00e9 compacte.<\/p><p>Les speedgates sont \u00e9galement indestructibles et donc id\u00e9aux pour les entreprises, les sites ou les parkings o\u00f9 la zone doit \u00eatre ferm\u00e9e rapidement. Ils s&rsquo;arr\u00eatent automatiquement en cas d&rsquo;obstruction.<\/p>\t\t\t\t\t\t\t\t<\/div>\n\t\t\t\t<\/div>\n\t\t\t\t<\/div>\n\t\t<div class=\"elementor-element elementor-element-5fcb53c e-con-full e-flex e-con e-child\" data-id=\"5fcb53c\" data-element_type=\"container\" data-aos=\"fade-left\">\n\t\t\t\t<div class=\"elementor-element elementor-element-2b5269a img-skew-right elementor-widget elementor-widget-image\" data-id=\"2b5269a\" data-element_type=\"widget\" data-widget_type=\"image.default\">\n\t\t\t\t<div class=\"elementor-widget-container\">\n\t\t\t\t\t\t\t\t\t\t\t\t\t\t\t<img decoding=\"async\" width=\"1054\" height=\"1054\" src=\"https:\/\/www.balcaengroup.be\/wp-content\/uploads\/2024\/05\/Faldivia-toepassingsbeeld-logistieke-centra-1.jpg\" class=\"attachment-full size-full wp-image-1819\" alt=\"\" srcset=\"https:\/\/www.balcaengroup.be\/wp-content\/uploads\/2024\/05\/Faldivia-toepassingsbeeld-logistieke-centra-1.jpg 1054w, https:\/\/www.balcaengroup.be\/wp-content\/uploads\/2024\/05\/Faldivia-toepassingsbeeld-logistieke-centra-1-300x300.jpg 300w, https:\/\/www.balcaengroup.be\/wp-content\/uploads\/2024\/05\/Faldivia-toepassingsbeeld-logistieke-centra-1-1024x1024.jpg 1024w, https:\/\/www.balcaengroup.be\/wp-content\/uploads\/2024\/05\/Faldivia-toepassingsbeeld-logistieke-centra-1-150x150.jpg 150w, https:\/\/www.balcaengroup.be\/wp-content\/uploads\/2024\/05\/Faldivia-toepassingsbeeld-logistieke-centra-1-768x768.jpg 768w\" sizes=\"(max-width: 1054px) 100vw, 1054px\" \/>\t\t\t\t\t\t\t\t\t\t\t\t\t\t\t<\/div>\n\t\t\t\t<\/div>\n\t\t\t\t<\/div>\n\t\t\t\t<\/div>\n\t\t<div class=\"elementor-element elementor-element-8859bd2 e-flex e-con-boxed e-con e-parent\" data-id=\"8859bd2\" data-element_type=\"container\" data-aos=\"fade-up\">\n\t\t\t\t\t<div class=\"e-con-inner\">\n\t\t\t\t<div class=\"elementor-element elementor-element-f76f7e3 elementor-widget elementor-widget-heading\" data-id=\"f76f7e3\" data-element_type=\"widget\" data-widget_type=\"heading.default\">\n\t\t\t\t<div class=\"elementor-widget-container\">\n\t\t\t\t\t<h2 class=\"elementor-heading-title elementor-size-default\">Nos r\u00e9alisations avec des speedgates<\/h2>\t\t\t\t<\/div>\n\t\t\t\t<\/div>\n\t\t\t\t<div class=\"elementor-element elementor-element-da66400 elementor-widget elementor-widget-text-editor\" data-id=\"da66400\" data-element_type=\"widget\" data-widget_type=\"text-editor.default\">\n\t\t\t\t<div class=\"elementor-widget-container\">\n\t\t\t\t\t\t\t\t\t<p>Vous \u00eates \u00e0 la recherche d&rsquo;inspiration ? Alors faites d\u00e9filer nos r\u00e9alisations rapides avec des speedgates.<\/p>\t\t\t\t\t\t\t\t<\/div>\n\t\t\t\t<\/div>\n\t\t\t\t<div class=\"elementor-element elementor-element-f3f8746 elementor-widget elementor-widget-ucaddon_ue_listing_grid\" data-id=\"f3f8746\" data-element_type=\"widget\" data-widget_type=\"ucaddon_ue_listing_grid.default\">\n\t\t\t\t<div class=\"elementor-widget-container\">\n\t\t\t\t\t\n<!-- start Loop Grid -->\n<style>\/* widget: Loop Grid *\/\n\n\n\n#uc_ue_listing_grid_elementor_f3f8746 {\n\t\n  \t      display: grid;\n    \n}\n\n#uc_ue_listing_grid_elementor_f3f8746 .ue-grid-item{\n\tbox-sizing: border-box;\n    overflow:hidden;\n\t\n\n  \n}\n\n\n\n<\/style>\n\n<div class=\"ue-grid uc-items-wrapper uc-dynamic-popup-grid\" id=\"uc_ue_listing_grid_elementor_f3f8746\"  data-template-id=\"2050\">\n  <div class=\"ue-grid-item\" data-link=\"https:\/\/www.balcaengroup.be\/fr\/realisatie\/speedgates\/\">\n  <style>.elementor-2050 .elementor-element.elementor-element-74a8768{--display:flex;--flex-direction:column;--container-widget-width:100%;--container-widget-height:initial;--container-widget-flex-grow:0;--container-widget-align-self:initial;--flex-wrap-mobile:wrap;}.e-loop-item-2050{--preview-width:1200px;}\/* Start custom CSS for ucaddon_uc_image_default_theme, class: .elementor-element-1590db2 *\/.elementor-2050 .elementor-element.elementor-element-1590db2 .ug-strip-arrow {\n    filter: invert(1);\n}\n.elementor-2050 .elementor-element.elementor-element-1590db2 .ug-default-button-fullscreen-single,\n.elementor-2050 .elementor-element.elementor-element-1590db2 .ug-default-button-play-single,\n.elementor-2050 .elementor-element.elementor-element-1590db2 .ug-default-button-hidepanel {\n    display: none !important;\n}\n@media (max-width: 767px) {\n    .elementor-2050 .elementor-element.elementor-element-1590db2 .ug-gallery-wrapper {\n        height: 500px !important;\n    }\n}\/* End custom CSS *\/<\/style>\t\t<div data-elementor-type=\"loop-item\" data-elementor-id=\"2050\" class=\"elementor elementor-2050 uc-post-2135 elementor-862 e-loop-item e-loop-item-2135 post-2135 realisatie type-realisatie status-publish hentry category-professionnel category-speedgates-fr\" data-elementor-post-type=\"elementor_library\" data-custom-edit-handle=\"1\">\n\t\t\t<div class=\"elementor-element elementor-element-74a8768 e-flex e-con-boxed e-con e-parent\" data-id=\"74a8768\" data-element_type=\"container\">\n\t\t\t\t\t<div class=\"e-con-inner\">\n\t\t\t\t<div class=\"elementor-element elementor-element-1590db2 elementor-widget elementor-widget-ucaddon_uc_image_default_theme\" data-id=\"1590db2\" data-element_type=\"widget\" data-widget_type=\"ucaddon_uc_image_default_theme.default\">\n\t\t\t\t<div class=\"elementor-widget-container\">\n\t\t\t\t\t\n<!-- start Thumbnail Gallery -->\n\t\t<link id='unitegallery-css' href='https:\/\/www.balcaengroup.be\/wp-content\/plugins\/unlimited-elements-for-elementor-premium\/assets_libraries\/unitegallery\/css\/unite-gallery.css' type='text\/css' rel='stylesheet' >\n\t\t<link id='uc_ac_assets_file_ug_theme_default_css_3038-css' href='https:\/\/www.balcaengroup.be\/wp-content\/uploads\/ac_assets\/uc_image_default_theme\/ug-theme-default.css' type='text\/css' rel='stylesheet' >\n\n\n<div id=\"uc_uc_image_default_theme_elementor_1590db2\" class=\"uc-items-wrapper  \" style=\"display:none; margin:0 auto;\"  data-remote-type=\"gallery\" data-custom-sethtml=\"true\" >\n\n\n<img decoding=\"async\" alt=\"Faldivia 2\"\n   src=\"https:\/\/www.balcaengroup.be\/wp-content\/uploads\/2024\/05\/Faldivia-2-768x614.jpg\"\n    data-image=\"https:\/\/www.balcaengroup.be\/wp-content\/uploads\/2024\/05\/Faldivia-2.jpg\"\n    data-title=\"Faldivia 2\">\n\n<img decoding=\"async\" alt=\"Faldivia toepassingsbeeld logistieke centra\"\n   src=\"https:\/\/www.balcaengroup.be\/wp-content\/uploads\/2024\/05\/Faldivia-toepassingsbeeld-logistieke-centra-768x470.jpg\"\n    data-image=\"https:\/\/www.balcaengroup.be\/wp-content\/uploads\/2024\/05\/Faldivia-toepassingsbeeld-logistieke-centra.jpg\"\n    data-title=\"Faldivia toepassingsbeeld logistieke centra\">\n\n<img decoding=\"async\" alt=\"Faldivia toepassingsbeeld\"\n   src=\"https:\/\/www.balcaengroup.be\/wp-content\/uploads\/2024\/05\/Faldivia-toepassingsbeeld-1-768x448.jpg\"\n    data-image=\"https:\/\/www.balcaengroup.be\/wp-content\/uploads\/2024\/05\/Faldivia-toepassingsbeeld-1.jpg\"\n    data-title=\"Faldivia toepassingsbeeld\">\n\n<img decoding=\"async\" alt=\"FALDIVIA_250044S_1BEKA_edit\"\n   src=\"https:\/\/www.balcaengroup.be\/wp-content\/uploads\/2024\/05\/FALDIVIA_250044S_1BEKA_edit-768x576.jpg\"\n    data-image=\"https:\/\/www.balcaengroup.be\/wp-content\/uploads\/2024\/05\/FALDIVIA_250044S_1BEKA_edit.jpg\"\n    data-title=\"FALDIVIA_250044S_1BEKA_edit\">\n\n  \n<\/div>\n<!-- end Thumbnail Gallery -->\t\t\t\t<\/div>\n\t\t\t\t<\/div>\n\t\t\t\t\t<\/div>\n\t\t\t\t<\/div>\n\t\t\t\t<\/div>\n\t\t\n<\/div>\n\n<\/div>\n\n\n    <div id=\"uc_ue_listing_grid_elementor_f3f8746_empty_message\" class=\"ue-no-posts-found\"  style=\"display:none\" >No posts found<\/div>\n\n\n<!-- end Loop Grid -->\t\t\t\t<\/div>\n\t\t\t\t<\/div>\n\t\t\t\t<div class=\"elementor-element elementor-element-68c80d3 elementor-widget elementor-widget-button\" data-id=\"68c80d3\" data-element_type=\"widget\" data-widget_type=\"button.default\">\n\t\t\t\t<div class=\"elementor-widget-container\">\n\t\t\t\t\t\t\t\t\t<div class=\"elementor-button-wrapper\">\n\t\t\t\t\t<a class=\"elementor-button elementor-button-link elementor-size-sm\" href=\"https:\/\/www.balcaengroup.be\/fr\/professionnel\/portails\/\">\n\t\t\t\t\t\t<span class=\"elementor-button-content-wrapper\">\n\t\t\t\t\t\t\t\t\t<span class=\"elementor-button-text\">D\u00e9couvrez nos autres types de portails<\/span>\n\t\t\t\t\t<\/span>\n\t\t\t\t\t<\/a>\n\t\t\t\t<\/div>\n\t\t\t\t\t\t\t\t<\/div>\n\t\t\t\t<\/div>\n\t\t\t\t\t<\/div>\n\t\t\t\t<\/div>\n\t\t<div class=\"elementor-element elementor-element-da9cf03 e-flex e-con-boxed e-con e-parent\" data-id=\"da9cf03\" data-element_type=\"container\">\n\t\t\t\t\t<div class=\"e-con-inner\">\n\t\t\t\t\t<\/div>\n\t\t\t\t<\/div>\n\t\t\t\t<\/div>\n\t\t","protected":false},"excerpt":{"rendered":"<p>Portails Speedgates Vous souhaitez s\u00e9curiser efficacement et facilement votre site commercial ou votre parking ? Avec les speedgates, c&rsquo;est possible en un rien de temps. Ce type de cl\u00f4ture se replie en quelques secondes, ce qui en fait une solution de s\u00e9curit\u00e9 compacte. Les speedgates sont \u00e9galement indestructibles et donc id\u00e9aux pour les entreprises, les [&hellip;]<\/p>\n","protected":false},"author":1,"featured_media":0,"parent":2089,"menu_order":26,"comment_status":"closed","ping_status":"closed","template":"professioneel.php","meta":{"_acf_changed":false,"footnotes":""},"class_list":["post-2094","page","type-page","status-publish","hentry"],"acf":[],"_links":{"self":[{"href":"https:\/\/www.balcaengroup.be\/fr\/wp-json\/wp\/v2\/pages\/2094","targetHints":{"allow":["GET"]}}],"collection":[{"href":"https:\/\/www.balcaengroup.be\/fr\/wp-json\/wp\/v2\/pages"}],"about":[{"href":"https:\/\/www.balcaengroup.be\/fr\/wp-json\/wp\/v2\/types\/page"}],"author":[{"embeddable":true,"href":"https:\/\/www.balcaengroup.be\/fr\/wp-json\/wp\/v2\/users\/1"}],"replies":[{"embeddable":true,"href":"https:\/\/www.balcaengroup.be\/fr\/wp-json\/wp\/v2\/comments?post=2094"}],"version-history":[{"count":5,"href":"https:\/\/www.balcaengroup.be\/fr\/wp-json\/wp\/v2\/pages\/2094\/revisions"}],"predecessor-version":[{"id":2196,"href":"https:\/\/www.balcaengroup.be\/fr\/wp-json\/wp\/v2\/pages\/2094\/revisions\/2196"}],"up":[{"embeddable":true,"href":"https:\/\/www.balcaengroup.be\/fr\/wp-json\/wp\/v2\/pages\/2089"}],"wp:attachment":[{"href":"https:\/\/www.balcaengroup.be\/fr\/wp-json\/wp\/v2\/media?parent=2094"}],"curies":[{"name":"wp","href":"https:\/\/api.w.org\/{rel}","templated":true}]}}