{"id":2118,"date":"2024-05-21T13:32:37","date_gmt":"2024-05-21T11:32:37","guid":{"rendered":"https:\/\/www.balcaengroup.be\/professionnel\/mobiel-hekwerk\/"},"modified":"2024-06-04T10:00:58","modified_gmt":"2024-06-04T08:00:58","slug":"clotures-mobiles","status":"publish","type":"page","link":"https:\/\/www.balcaengroup.be\/fr\/professionnel\/clotures-mobiles\/","title":{"rendered":"Cl\u00f4tures mobiles"},"content":{"rendered":"\t\t<div data-elementor-type=\"wp-page\" data-elementor-id=\"2118\" class=\"elementor elementor-2118 elementor-1507\" data-elementor-post-type=\"page\">\n\t\t\t\t<div class=\"elementor-element elementor-element-9d5e1ab e-con-full e-flex e-con e-parent\" data-id=\"9d5e1ab\" data-element_type=\"container\">\n\t\t<div class=\"elementor-element elementor-element-2e05c35 e-con-full e-flex e-con e-child\" data-id=\"2e05c35\" data-element_type=\"container\" data-aos=\"fade-right\">\n\t\t<div class=\"elementor-element elementor-element-61ee8fa e-con-full e-flex e-con e-child\" data-id=\"61ee8fa\" data-element_type=\"container\">\n\t\t\t\t<div class=\"elementor-element elementor-element-00c7507 elementor-widget elementor-widget-heading\" data-id=\"00c7507\" data-element_type=\"widget\" data-widget_type=\"heading.default\">\n\t\t\t\t<div class=\"elementor-widget-container\">\n\t\t\t\t\t<h1 class=\"elementor-heading-title elementor-size-default\">Cl\u00f4tures mobiles<\/h1>\t\t\t\t<\/div>\n\t\t\t\t<\/div>\n\t\t\t\t<\/div>\n\t\t\t\t<div class=\"elementor-element elementor-element-71b2e65 elementor-widget elementor-widget-text-editor\" data-id=\"71b2e65\" data-element_type=\"widget\" data-widget_type=\"text-editor.default\">\n\t\t\t\t<div class=\"elementor-widget-container\">\n\t\t\t\t\t\t\t\t\t<p>Chantiers, courses cyclistes, festivals&#8230; Chez Balcaen Group, vous pouvez \u00e9galement acheter et louer des cl\u00f4tures mobiles pour garantir la s\u00e9curit\u00e9. Ce type de cl\u00f4ture est non seulement facile \u00e0 installer et \u00e0 d\u00e9placer, mais il a \u00e9galement une bonne solidit\u00e9.<\/p><p>Vous souhaitez louer ou acheter des cl\u00f4tures de chantier ? Contactez-nous \u00e0 l&rsquo;aide du formulaire ci-dessous.<\/p>\t\t\t\t\t\t\t\t<\/div>\n\t\t\t\t<\/div>\n\t\t\t\t<div class=\"elementor-element elementor-element-aaa7f95 elementor-widget elementor-widget-shortcode\" data-id=\"aaa7f95\" data-element_type=\"widget\" data-widget_type=\"shortcode.default\">\n\t\t\t\t<div class=\"elementor-widget-container\">\n\t\t\t\t\t\t\t<div class=\"elementor-shortcode\"><div class=\"forminator-ui forminator-custom-form forminator-custom-form-2120 forminator-design--default forminator-enclosed forminator_ajax\" data-forminator-render=\"0\" data-form=\"forminator-module-2120\" data-uid=\"69f52a38b16d8\"><br\/><\/div><form\n\t\t\t\tid=\"forminator-module-2120\"\n\t\t\t\tclass=\"forminator-ui forminator-custom-form forminator-custom-form-2120 forminator-design--default forminator-enclosed forminator_ajax\"\n\t\t\t\tmethod=\"post\"\n\t\t\t\tdata-forminator-render=\"0\"\n\t\t\t\tdata-form-id=\"2120\"\n\t\t\t\t data-color-option=\"default\" data-design=\"default\" data-grid=\"enclosed\" style=\"display: none;\"\n\t\t\t\tdata-uid=\"69f52a38b16d8\"\n\t\t\t><div role=\"alert\" aria-live=\"polite\" class=\"forminator-response-message forminator-error\" aria-hidden=\"true\"><\/div><div class=\"forminator-row\"><div id=\"name-1\" class=\"forminator-field-name forminator-col forminator-col-12 \"><div class=\"forminator-row forminator-no-margin\" data-multiple=\"true\"><div class=\"forminator-col forminator-col-md-12\"><div class=\"forminator-field\"><label for=\"forminator-field-first-name-1_69f52a38b16d8\" id=\"forminator-field-first-name-1_69f52a38b16d8-label\" class=\"forminator-label\">Pr\u00e9nom <span class=\"forminator-required\">*<\/span><\/label><input type=\"text\" name=\"name-1-first-name\" placeholder=\"Pr\u00e9nom\" id=\"forminator-field-first-name-1_69f52a38b16d8\" class=\"forminator-input\" aria-required=\"true\" data-multi=\"1\" autocomplete=\"given-name\" value=\"\" \/><\/div><\/div><div class=\"forminator-col forminator-col-md-12\"><div class=\"forminator-field\"><label for=\"forminator-field-last-name-1_69f52a38b16d8\" id=\"forminator-field-last-name-1_69f52a38b16d8-label\" class=\"forminator-label\">Nom <span class=\"forminator-required\">*<\/span><\/label><input type=\"text\" name=\"name-1-last-name\" placeholder=\"Nom\" id=\"forminator-field-last-name-1_69f52a38b16d8\" class=\"forminator-input\" aria-required=\"true\" data-multi=\"1\" autocomplete=\"family-name\" value=\"\" \/><\/div><\/div><\/div><\/div><\/div><div class=\"forminator-row\"><div id=\"email-1\" class=\"forminator-field-email forminator-col forminator-col-6 \"><div class=\"forminator-field\"><label for=\"forminator-field-email-1_69f52a38b16d8\" id=\"forminator-field-email-1_69f52a38b16d8-label\" class=\"forminator-label\">Adresse e-mail <span class=\"forminator-required\">*<\/span><\/label><input type=\"email\" name=\"email-1\" value=\"\" placeholder=\"Adresse e-mail\" id=\"forminator-field-email-1_69f52a38b16d8\" class=\"forminator-input forminator-email--field\" data-required=\"true\" aria-required=\"true\" autocomplete=\"email\" \/><\/div><\/div><div id=\"phone-1\" class=\"forminator-field-phone forminator-col forminator-col-6 \"><div class=\"forminator-field\"><label for=\"forminator-field-phone-1_69f52a38b16d8\" id=\"forminator-field-phone-1_69f52a38b16d8-label\" class=\"forminator-label\">Num\u00e9ro de t\u00e9l\u00e9phone<\/label><input type=\"text\" name=\"phone-1\" value=\"\" placeholder=\"Num\u00e9ro de t\u00e9l\u00e9phone\" id=\"forminator-field-phone-1_69f52a38b16d8\" class=\"forminator-input forminator-field--phone\" data-required=\"\" aria-required=\"false\" autocomplete=\"off\" \/><\/div><\/div><\/div><div class=\"forminator-row\"><div id=\"radio-1\" class=\"forminator-field-radio forminator-col forminator-col-12 \"><div role=\"radiogroup\" class=\"forminator-field\" aria-labelledby=\"forminator-radiogroup-radio-1-69f52a38b16d8-label\"><span id=\"forminator-radiogroup-radio-1-69f52a38b16d8-label\" class=\"forminator-label\">Acheter \/ Louer <span class=\"forminator-required\">*<\/span><\/span><label id=\"forminator-field-radio-1-label-1\" for=\"forminator-field-radio-1-1-69f52a38b16d8\" class=\"forminator-radio forminator-radio-inline\" title=\"Acheter\"><input type=\"radio\" name=\"radio-1\" value=\"Acheter\" id=\"forminator-field-radio-1-1-69f52a38b16d8\" aria-labelledby=\"forminator-field-radio-1-label-1\" data-calculation=\"0\"   data-hidden-behavior=\"zero\"\/><span class=\"forminator-radio-bullet\" aria-hidden=\"true\"><\/span><span class=\"forminator-radio-label\">Acheter<\/span><\/label><label id=\"forminator-field-radio-1-label-2\" for=\"forminator-field-radio-1-2-69f52a38b16d8\" class=\"forminator-radio forminator-radio-inline\" title=\"Louer\"><input type=\"radio\" name=\"radio-1\" value=\"Louer\" id=\"forminator-field-radio-1-2-69f52a38b16d8\" aria-labelledby=\"forminator-field-radio-1-label-2\" data-calculation=\"0\"   data-hidden-behavior=\"zero\"\/><span class=\"forminator-radio-bullet\" aria-hidden=\"true\"><\/span><span class=\"forminator-radio-label\">Louer<\/span><\/label><\/div><\/div><\/div><div class=\"forminator-row\"><div id=\"textarea-1\" class=\"forminator-field-textarea forminator-col forminator-col-12 \"><div class=\"forminator-field\"><label for=\"forminator-field-textarea-1_69f52a38b16d8\" id=\"forminator-field-textarea-1_69f52a38b16d8-label\" class=\"forminator-label\">Message <span class=\"forminator-required\">*<\/span><\/label><textarea name=\"textarea-1\" placeholder=\"Message\" id=\"forminator-field-textarea-1_69f52a38b16d8\" class=\"forminator-textarea\" rows=\"6\" style=\"min-height:140px;\" ><\/textarea><\/div><\/div><\/div><div class=\"forminator-row\"><div id=\"captcha-1\" class=\"forminator-field-captcha forminator-col forminator-col-12 \"><div class=\"forminator-captcha-left forminator-g-recaptcha recaptcha-invisible\" data-theme=\"light\" data-badge=\"bottomright\" data-sitekey=\"6LdFQm8rAAAAAFnmMPOSWJ-S12vbPSeEmH0BWSVR\" data-size=\"invisible\"><\/div> <\/div><\/div><input type=\"hidden\" name=\"referer_url\" value=\"\" \/><div class=\"forminator-row forminator-row-last\"><div class=\"forminator-col\"><div class=\"forminator-field\"><button class=\"forminator-button forminator-button-submit\">Envoyer<\/button><\/div><\/div><\/div><input type=\"hidden\" id=\"forminator_nonce\" name=\"forminator_nonce\" value=\"0a88170bf7\" \/><input type=\"hidden\" name=\"_wp_http_referer\" value=\"\/fr\/wp-json\/wp\/v2\/pages\/2118\" \/><input type=\"hidden\" name=\"form_id\" value=\"2120\"><input type=\"hidden\" name=\"page_id\" value=\"2118\"><input type=\"hidden\" name=\"form_type\" value=\"default\"><input type=\"hidden\" name=\"current_url\" value=\"https:\/\/www.balcaengroup.be\/fr\/professionnel\/clotures-mobiles\/\"><input type=\"hidden\" name=\"render_id\" value=\"0\"><input type=\"hidden\" name=\"action\" value=\"forminator_submit_form_custom-forms\"><\/form><\/div>\n\t\t\t\t\t\t<\/div>\n\t\t\t\t<\/div>\n\t\t\t\t<\/div>\n\t\t<div class=\"elementor-element elementor-element-2c166ab e-con-full e-flex e-con e-child\" data-id=\"2c166ab\" data-element_type=\"container\" data-settings=\"{&quot;background_background&quot;:&quot;classic&quot;}\" data-aos=\"fade-left\">\n\t\t\t\t<\/div>\n\t\t\t\t<\/div>\n\t\t<div class=\"elementor-element elementor-element-91bcec5 e-flex e-con-boxed e-con e-parent\" data-id=\"91bcec5\" data-element_type=\"container\" data-aos=\"fade-up\">\n\t\t\t\t\t<div class=\"e-con-inner\">\n\t\t\t\t<div class=\"elementor-element elementor-element-81a6a13 elementor-widget elementor-widget-heading\" data-id=\"81a6a13\" data-element_type=\"widget\" data-widget_type=\"heading.default\">\n\t\t\t\t<div class=\"elementor-widget-container\">\n\t\t\t\t\t<h2 class=\"elementor-heading-title elementor-size-default\">Nos r\u00e9alisations avec des cl\u00f4tures mobiles<\/h2>\t\t\t\t<\/div>\n\t\t\t\t<\/div>\n\t\t\t\t<div class=\"elementor-element elementor-element-6d149ef elementor-widget elementor-widget-text-editor\" data-id=\"6d149ef\" data-element_type=\"widget\" data-widget_type=\"text-editor.default\">\n\t\t\t\t<div class=\"elementor-widget-container\">\n\t\t\t\t\t\t\t\t\t<p>Vous \u00eates \u00e0 la recherche d&rsquo;inspiration ? Alors faites d\u00e9filer nos r\u00e9alisations avec des cl\u00f4tures mobiles.<\/p>\t\t\t\t\t\t\t\t<\/div>\n\t\t\t\t<\/div>\n\t\t\t\t<div class=\"elementor-element elementor-element-d376e07 elementor-widget elementor-widget-ucaddon_ue_listing_grid\" data-id=\"d376e07\" data-element_type=\"widget\" data-widget_type=\"ucaddon_ue_listing_grid.default\">\n\t\t\t\t<div class=\"elementor-widget-container\">\n\t\t\t\t\t\n<!-- start Loop Grid -->\n<style>\/* widget: Loop Grid *\/\n\n\n\n#uc_ue_listing_grid_elementor_d376e07 {\n\t\n  \t      display: grid;\n    \n}\n\n#uc_ue_listing_grid_elementor_d376e07 .ue-grid-item{\n\tbox-sizing: border-box;\n    overflow:hidden;\n\t\n\n  \n}\n\n\n\n<\/style>\n\n<div class=\"ue-grid uc-items-wrapper uc-dynamic-popup-grid\" id=\"uc_ue_listing_grid_elementor_d376e07\"  data-template-id=\"2050\">\n  <div class=\"ue-grid-item\" data-link=\"https:\/\/www.balcaengroup.be\/fr\/realisatie\/mobiel-hekwerk\/\">\n  <style>.elementor-2050 .elementor-element.elementor-element-74a8768{--display:flex;--flex-direction:column;--container-widget-width:100%;--container-widget-height:initial;--container-widget-flex-grow:0;--container-widget-align-self:initial;--flex-wrap-mobile:wrap;}.e-loop-item-2050{--preview-width:1200px;}\/* Start custom CSS for ucaddon_uc_image_default_theme, class: .elementor-element-1590db2 *\/.elementor-2050 .elementor-element.elementor-element-1590db2 .ug-strip-arrow {\n    filter: invert(1);\n}\n.elementor-2050 .elementor-element.elementor-element-1590db2 .ug-default-button-fullscreen-single,\n.elementor-2050 .elementor-element.elementor-element-1590db2 .ug-default-button-play-single,\n.elementor-2050 .elementor-element.elementor-element-1590db2 .ug-default-button-hidepanel {\n    display: none !important;\n}\n@media (max-width: 767px) {\n    .elementor-2050 .elementor-element.elementor-element-1590db2 .ug-gallery-wrapper {\n        height: 500px !important;\n    }\n}\/* End custom CSS *\/<\/style>\t\t<div data-elementor-type=\"loop-item\" data-elementor-id=\"2050\" class=\"elementor elementor-2050 uc-post-2134 elementor-862 e-loop-item e-loop-item-2134 post-2134 realisatie type-realisatie status-publish hentry category-clotures-mobiles category-professionnel\" data-elementor-post-type=\"elementor_library\" data-custom-edit-handle=\"1\">\n\t\t\t<div class=\"elementor-element elementor-element-74a8768 e-flex e-con-boxed e-con e-parent\" data-id=\"74a8768\" data-element_type=\"container\">\n\t\t\t\t\t<div class=\"e-con-inner\">\n\t\t\t\t<div class=\"elementor-element elementor-element-1590db2 elementor-widget elementor-widget-ucaddon_uc_image_default_theme\" data-id=\"1590db2\" data-element_type=\"widget\" data-widget_type=\"ucaddon_uc_image_default_theme.default\">\n\t\t\t\t<div class=\"elementor-widget-container\">\n\t\t\t\t\t\n<!-- start Thumbnail Gallery -->\n\t\t<link id='unitegallery-css' href='https:\/\/www.balcaengroup.be\/wp-content\/plugins\/unlimited-elements-for-elementor-premium\/assets_libraries\/unitegallery\/css\/unite-gallery.css' type='text\/css' rel='stylesheet' >\n\t\t<link id='uc_ac_assets_file_ug_theme_default_css_3038-css' href='https:\/\/www.balcaengroup.be\/wp-content\/uploads\/ac_assets\/uc_image_default_theme\/ug-theme-default.css' type='text\/css' rel='stylesheet' >\n\n\n<div id=\"uc_uc_image_default_theme_elementor_1590db2\" class=\"uc-items-wrapper  \" style=\"display:none; margin:0 auto;\"  data-remote-type=\"gallery\" data-custom-sethtml=\"true\" >\n\n\n<img decoding=\"async\" alt=\"211830S_1BEKA\"\n   src=\"https:\/\/www.balcaengroup.be\/wp-content\/uploads\/2024\/05\/211830S_1BEKA-768x513.jpg\"\n    data-image=\"https:\/\/www.balcaengroup.be\/wp-content\/uploads\/2024\/05\/211830S_1BEKA.jpg\"\n    data-title=\"211830S_1BEKA\">\n\n<img decoding=\"async\" alt=\"Tempofor F2 panel\"\n   src=\"https:\/\/www.balcaengroup.be\/wp-content\/uploads\/2024\/05\/Tempofor-F2-panel-768x500.jpg\"\n    data-image=\"https:\/\/www.balcaengroup.be\/wp-content\/uploads\/2024\/05\/Tempofor-F2-panel.jpg\"\n    data-title=\"Tempofor F2 panel\">\n\n<img decoding=\"async\" alt=\"Tempofor B2 panel\"\n   src=\"https:\/\/www.balcaengroup.be\/wp-content\/uploads\/2024\/05\/Tempofor-B2-panel-768x500.jpg\"\n    data-image=\"https:\/\/www.balcaengroup.be\/wp-content\/uploads\/2024\/05\/Tempofor-B2-panel.jpg\"\n    data-title=\"Tempofor B2 panel\">\n\n<img decoding=\"async\" alt=\"20160308_131327\"\n   src=\"https:\/\/www.balcaengroup.be\/wp-content\/uploads\/2024\/05\/20160308_131327-768x432.jpg\"\n    data-image=\"https:\/\/www.balcaengroup.be\/wp-content\/uploads\/2024\/05\/20160308_131327.jpg\"\n    data-title=\"20160308_131327\">\n\n<img decoding=\"async\" alt=\"Tempofor B2 panel\"\n   src=\"https:\/\/www.balcaengroup.be\/wp-content\/uploads\/2024\/05\/Tempofor-B2-panel--768x500.jpg\"\n    data-image=\"https:\/\/www.balcaengroup.be\/wp-content\/uploads\/2024\/05\/Tempofor-B2-panel-.jpg\"\n    data-title=\"Tempofor B2 panel\">\n\n<img decoding=\"async\" alt=\"20160308_131318\"\n   src=\"https:\/\/www.balcaengroup.be\/wp-content\/uploads\/2024\/05\/20160308_131318-768x1365.jpg\"\n    data-image=\"https:\/\/www.balcaengroup.be\/wp-content\/uploads\/2024\/05\/20160308_131318.jpg\"\n    data-title=\"20160308_131318\">\n\n  \n<\/div>\n<!-- end Thumbnail Gallery -->\t\t\t\t<\/div>\n\t\t\t\t<\/div>\n\t\t\t\t\t<\/div>\n\t\t\t\t<\/div>\n\t\t\t\t<\/div>\n\t\t\n<\/div>\n\n<\/div>\n\n\n    <div id=\"uc_ue_listing_grid_elementor_d376e07_empty_message\" class=\"ue-no-posts-found\"  style=\"display:none\" >No posts found<\/div>\n\n\n<!-- end Loop Grid -->\t\t\t\t<\/div>\n\t\t\t\t<\/div>\n\t\t\t\t<div class=\"elementor-element elementor-element-5588efd elementor-widget elementor-widget-button\" data-id=\"5588efd\" data-element_type=\"widget\" data-widget_type=\"button.default\">\n\t\t\t\t<div class=\"elementor-widget-container\">\n\t\t\t\t\t\t\t\t\t<div class=\"elementor-button-wrapper\">\n\t\t\t\t\t<a class=\"elementor-button elementor-button-link elementor-size-sm\" href=\"https:\/\/www.balcaengroup.be\/fr\/professionnel\/portails\/\">\n\t\t\t\t\t\t<span class=\"elementor-button-content-wrapper\">\n\t\t\t\t\t\t\t\t\t<span class=\"elementor-button-text\">D\u00e9couvrez nos autres types de portails<\/span>\n\t\t\t\t\t<\/span>\n\t\t\t\t\t<\/a>\n\t\t\t\t<\/div>\n\t\t\t\t\t\t\t\t<\/div>\n\t\t\t\t<\/div>\n\t\t\t\t\t<\/div>\n\t\t\t\t<\/div>\n\t\t<div class=\"elementor-element elementor-element-af02f89 e-flex e-con-boxed e-con e-parent\" data-id=\"af02f89\" data-element_type=\"container\">\n\t\t\t\t\t<div class=\"e-con-inner\">\n\t\t\t\t\t<\/div>\n\t\t\t\t<\/div>\n\t\t\t\t<\/div>\n\t\t","protected":false},"excerpt":{"rendered":"<p>Cl\u00f4tures mobiles Chantiers, courses cyclistes, festivals&#8230; Chez Balcaen Group, vous pouvez \u00e9galement acheter et louer des cl\u00f4tures mobiles pour garantir la s\u00e9curit\u00e9. Ce type de cl\u00f4ture est non seulement facile \u00e0 installer et \u00e0 d\u00e9placer, mais il a \u00e9galement une bonne solidit\u00e9. Vous souhaitez louer ou acheter des cl\u00f4tures de chantier ? Contactez-nous \u00e0 l&rsquo;aide [&hellip;]<\/p>\n","protected":false},"author":1,"featured_media":0,"parent":1840,"menu_order":32,"comment_status":"closed","ping_status":"closed","template":"professioneel.php","meta":{"_acf_changed":false,"footnotes":""},"class_list":["post-2118","page","type-page","status-publish","hentry"],"acf":[],"_links":{"self":[{"href":"https:\/\/www.balcaengroup.be\/fr\/wp-json\/wp\/v2\/pages\/2118","targetHints":{"allow":["GET"]}}],"collection":[{"href":"https:\/\/www.balcaengroup.be\/fr\/wp-json\/wp\/v2\/pages"}],"about":[{"href":"https:\/\/www.balcaengroup.be\/fr\/wp-json\/wp\/v2\/types\/page"}],"author":[{"embeddable":true,"href":"https:\/\/www.balcaengroup.be\/fr\/wp-json\/wp\/v2\/users\/1"}],"replies":[{"embeddable":true,"href":"https:\/\/www.balcaengroup.be\/fr\/wp-json\/wp\/v2\/comments?post=2118"}],"version-history":[{"count":5,"href":"https:\/\/www.balcaengroup.be\/fr\/wp-json\/wp\/v2\/pages\/2118\/revisions"}],"predecessor-version":[{"id":2211,"href":"https:\/\/www.balcaengroup.be\/fr\/wp-json\/wp\/v2\/pages\/2118\/revisions\/2211"}],"up":[{"embeddable":true,"href":"https:\/\/www.balcaengroup.be\/fr\/wp-json\/wp\/v2\/pages\/1840"}],"wp:attachment":[{"href":"https:\/\/www.balcaengroup.be\/fr\/wp-json\/wp\/v2\/media?parent=2118"}],"curies":[{"name":"wp","href":"https:\/\/api.w.org\/{rel}","templated":true}]}}